{"id":104,"date":"2023-05-03T10:30:19","date_gmt":"2023-05-03T10:30:19","guid":{"rendered":"http:\/\/ecominga.org\/?page_id=104"},"modified":"2025-12-18T12:59:52","modified_gmt":"2025-12-18T17:59:52","slug":"home","status":"publish","type":"page","link":"https:\/\/ecominga.org\/en\/","title":{"rendered":"Home"},"content":{"rendered":"<div data-elementor-type=\"wp-page\" data-elementor-id=\"104\" class=\"elementor elementor-104\" data-elementor-post-type=\"page\">\n\t\t\t\t\t\t<section class=\"elementor-section elementor-top-section elementor-element elementor-element-31c493d0 elementor-reverse-tablet elementor-reverse-mobile elementor-hidden-mobile elementor-section-boxed elementor-section-height-default elementor-section-height-default\" data-id=\"31c493d0\" data-element_type=\"section\" data-settings=\"{&quot;background_background&quot;:&quot;slideshow&quot;,&quot;background_slideshow_gallery&quot;:[{&quot;id&quot;:3868,&quot;url&quot;:&quot;https:\\\/\\\/ecominga.org\\\/wp-content\\\/uploads\\\/2024\\\/07\\\/Rio-Zunag-2.png&quot;},{&quot;id&quot;:281,&quot;url&quot;:&quot;https:\\\/\\\/ecominga.org\\\/wp-content\\\/uploads\\\/2023\\\/05\\\/slider4-e1722283642115.png&quot;},{&quot;id&quot;:1605,&quot;url&quot;:&quot;https:\\\/\\\/ecominga.org\\\/wp-content\\\/uploads\\\/2023\\\/12\\\/c_sangay_-candelaria_jb_dsc9230small.jpg&quot;},{&quot;id&quot;:1604,&quot;url&quot;:&quot;https:\\\/\\\/ecominga.org\\\/wp-content\\\/uploads\\\/2023\\\/12\\\/hyloscirtus-mashpi-rana-de-torrente-del-mashpi_50432245978_o-scaled-1-e1722283690820.jpg&quot;},{&quot;id&quot;:1603,&quot;url&quot;:&quot;https:\\\/\\\/ecominga.org\\\/wp-content\\\/uploads\\\/2023\\\/12\\\/Pristimantis-scolodiscus-Vulnerable-UICN-VU-scaled-1.jpg&quot;}],&quot;background_slideshow_loop&quot;:&quot;yes&quot;,&quot;background_slideshow_slide_duration&quot;:5000,&quot;background_slideshow_slide_transition&quot;:&quot;fade&quot;,&quot;background_slideshow_transition_duration&quot;:500}\">\n\t\t\t\t\t\t\t<div class=\"elementor-background-overlay\"><\/div>\n\t\t\t\t\t\t\t<div class=\"elementor-container elementor-column-gap-custom\">\n\t\t\t\t\t<div class=\"elementor-column elementor-col-50 elementor-top-column elementor-element elementor-element-58c11c02\" data-id=\"58c11c02\" data-element_type=\"column\">\n\t\t\t<div class=\"elementor-widget-wrap elementor-element-populated\">\n\t\t\t\t\t\t<div class=\"elementor-element elementor-element-5059bb7f elementor-widget elementor-widget-heading\" data-id=\"5059bb7f\" data-element_type=\"widget\" data-widget_type=\"heading.default\">\n\t\t\t\t<div class=\"elementor-widget-container\">\n\t\t\t\t\t<h6 class=\"elementor-heading-title elementor-size-default\">Fundaci\u00f3n EcoMinga \u2013 Network for the Protection of Threatened Forests<\/h6>\t\t\t\t<\/div>\n\t\t\t\t<\/div>\n\t\t\t\t<div class=\"elementor-element elementor-element-1620c554 elementor-widget elementor-widget-text-editor\" data-id=\"1620c554\" data-element_type=\"widget\" data-widget_type=\"text-editor.default\">\n\t\t\t\t<div class=\"elementor-widget-container\">\n\t\t\t\t\t\t\t\t\t<p><span style=\"font-weight: 400;\">We protect the cloud forests of Ecuador since 2006, through a system of 15 private protected areas, dedicated to the conservation of endemic and globally threatened.<\/span><\/p>\t\t\t\t\t\t\t\t<\/div>\n\t\t\t\t<\/div>\n\t\t\t\t<div class=\"elementor-element elementor-element-244100a6 elementor-widget__width-auto elementor-widget elementor-widget-button\" data-id=\"244100a6\" data-element_type=\"widget\" data-widget_type=\"button.default\">\n\t\t\t\t<div class=\"elementor-widget-container\">\n\t\t\t\t\t\t\t\t\t<div class=\"elementor-button-wrapper\">\n\t\t\t\t\t<a class=\"elementor-button elementor-button-link elementor-size-sm\" href=\"https:\/\/ecominga.org\/en\/quienes-somos\/\">\n\t\t\t\t\t\t<span class=\"elementor-button-content-wrapper\">\n\t\t\t\t\t\t\t\t\t<span class=\"elementor-button-text\">Read more...<\/span>\n\t\t\t\t\t<\/span>\n\t\t\t\t\t<\/a>\n\t\t\t\t<\/div>\n\t\t\t\t\t\t\t\t<\/div>\n\t\t\t\t<\/div>\n\t\t\t\t\t<\/div>\n\t\t<\/div>\n\t\t\t\t<div class=\"elementor-column elementor-col-50 elementor-top-column elementor-element elementor-element-33eddc85 elementor-hidden-tablet elementor-hidden-mobile\" data-id=\"33eddc85\" data-element_type=\"column\">\n\t\t\t<div class=\"elementor-widget-wrap\">\n\t\t\t\t\t\t\t<\/div>\n\t\t<\/div>\n\t\t\t\t\t<\/div>\n\t\t<\/section>\n\t\t\t\t<section class=\"elementor-section elementor-top-section elementor-element elementor-element-2c8d205d elementor-section-boxed elementor-section-height-default elementor-section-height-default\" data-id=\"2c8d205d\" data-element_type=\"section\">\n\t\t\t\t\t\t<div class=\"elementor-container elementor-column-gap-no\">\n\t\t\t\t\t<div class=\"elementor-column elementor-col-100 elementor-top-column elementor-element elementor-element-35e1c59\" data-id=\"35e1c59\" data-element_type=\"column\">\n\t\t\t<div class=\"elementor-widget-wrap elementor-element-populated\">\n\t\t\t\t\t\t<div class=\"elementor-element elementor-element-d0c002c elementor-widget elementor-widget-spacer\" data-id=\"d0c002c\" data-element_type=\"widget\" data-widget_type=\"spacer.default\">\n\t\t\t\t<div class=\"elementor-widget-container\">\n\t\t\t\t\t\t\t<div class=\"elementor-spacer\">\n\t\t\t<div class=\"elementor-spacer-inner\"><\/div>\n\t\t<\/div>\n\t\t\t\t\t\t<\/div>\n\t\t\t\t<\/div>\n\t\t\t\t<section class=\"elementor-section elementor-inner-section elementor-element elementor-element-14d66fe elementor-section-boxed elementor-section-height-default elementor-section-height-default\" data-id=\"14d66fe\" data-element_type=\"section\">\n\t\t\t\t\t\t<div class=\"elementor-container elementor-column-gap-no\">\n\t\t\t\t\t<div class=\"elementor-column elementor-col-20 elementor-inner-column elementor-element elementor-element-74af2e0\" data-id=\"74af2e0\" data-element_type=\"column\">\n\t\t\t<div class=\"elementor-widget-wrap elementor-element-populated\">\n\t\t\t\t\t\t<div class=\"elementor-element elementor-element-38c0181 elementor-widget elementor-widget-image\" data-id=\"38c0181\" data-element_type=\"widget\" data-widget_type=\"image.default\">\n\t\t\t\t<div class=\"elementor-widget-container\">\n\t\t\t\t\t\t\t\t\t\t\t\t\t\t\t\t<a href=\"https:\/\/ecominga.org\/en\/nuestras-reservas\/\">\n\t\t\t\t\t\t\t<img decoding=\"async\" width=\"143\" height=\"143\" src=\"https:\/\/ecominga.org\/wp-content\/uploads\/2023\/07\/BOSQUES.png\" class=\"attachment-full size-full wp-image-723\" alt=\"\" srcset=\"https:\/\/ecominga.org\/wp-content\/uploads\/2023\/07\/BOSQUES.png 143w, https:\/\/ecominga.org\/wp-content\/uploads\/2023\/07\/BOSQUES-12x12.png 12w\" sizes=\"(max-width: 143px) 100vw, 143px\" \/>\t\t\t\t\t\t\t\t<\/a>\n\t\t\t\t\t\t\t\t\t\t\t\t\t\t\t<\/div>\n\t\t\t\t<\/div>\n\t\t\t\t<div class=\"elementor-element elementor-element-b3e46df elementor-widget elementor-widget-heading\" data-id=\"b3e46df\" data-element_type=\"widget\" data-widget_type=\"heading.default\">\n\t\t\t\t<div class=\"elementor-widget-container\">\n\t\t\t\t\t<h2 class=\"elementor-heading-title elementor-size-default\"><a href=\"https:\/\/ecominga.org\/en\/nuestras-reservas\/\">Our Reserves<\/a><\/h2>\t\t\t\t<\/div>\n\t\t\t\t<\/div>\n\t\t\t\t\t<\/div>\n\t\t<\/div>\n\t\t\t\t<div class=\"elementor-column elementor-col-20 elementor-inner-column elementor-element elementor-element-8516301\" data-id=\"8516301\" data-element_type=\"column\">\n\t\t\t<div class=\"elementor-widget-wrap elementor-element-populated\">\n\t\t\t\t\t\t<div class=\"elementor-element elementor-element-cb1372a elementor-widget elementor-widget-image\" data-id=\"cb1372a\" data-element_type=\"widget\" data-widget_type=\"image.default\">\n\t\t\t\t<div class=\"elementor-widget-container\">\n\t\t\t\t\t\t\t\t\t\t\t\t\t\t\t\t<a href=\"https:\/\/ecominga.org\/en\/vainilla\/\">\n\t\t\t\t\t\t\t<img decoding=\"async\" width=\"142\" height=\"142\" src=\"https:\/\/ecominga.org\/wp-content\/uploads\/2023\/07\/VAINILLA.png\" class=\"attachment-full size-full wp-image-739\" alt=\"\" srcset=\"https:\/\/ecominga.org\/wp-content\/uploads\/2023\/07\/VAINILLA.png 142w, https:\/\/ecominga.org\/wp-content\/uploads\/2023\/07\/VAINILLA-12x12.png 12w\" sizes=\"(max-width: 142px) 100vw, 142px\" \/>\t\t\t\t\t\t\t\t<\/a>\n\t\t\t\t\t\t\t\t\t\t\t\t\t\t\t<\/div>\n\t\t\t\t<\/div>\n\t\t\t\t<div class=\"elementor-element elementor-element-4d127a6 elementor-widget elementor-widget-heading\" data-id=\"4d127a6\" data-element_type=\"widget\" data-widget_type=\"heading.default\">\n\t\t\t\t<div class=\"elementor-widget-container\">\n\t\t\t\t\t<h2 class=\"elementor-heading-title elementor-size-default\"><a href=\"https:\/\/ecominga.org\/en\/vainilla\/\">Our Projects<\/a><\/h2>\t\t\t\t<\/div>\n\t\t\t\t<\/div>\n\t\t\t\t\t<\/div>\n\t\t<\/div>\n\t\t\t\t<div class=\"elementor-column elementor-col-20 elementor-inner-column elementor-element elementor-element-fdc4912\" data-id=\"fdc4912\" data-element_type=\"column\">\n\t\t\t<div class=\"elementor-widget-wrap elementor-element-populated\">\n\t\t\t\t\t\t<div class=\"elementor-element elementor-element-9936c79 elementor-widget elementor-widget-image\" data-id=\"9936c79\" data-element_type=\"widget\" data-widget_type=\"image.default\">\n\t\t\t\t<div class=\"elementor-widget-container\">\n\t\t\t\t\t\t\t\t\t\t\t\t\t\t\t\t<a href=\"https:\/\/ecominga.org\/en\/ciencia-y-conservacion\/\">\n\t\t\t\t\t\t\t<img decoding=\"async\" width=\"143\" height=\"144\" src=\"https:\/\/ecominga.org\/wp-content\/uploads\/2023\/07\/CIENCIA-Y-CONSERVACION.png\" class=\"attachment-full size-full wp-image-724\" alt=\"\" srcset=\"https:\/\/ecominga.org\/wp-content\/uploads\/2023\/07\/CIENCIA-Y-CONSERVACION.png 143w, https:\/\/ecominga.org\/wp-content\/uploads\/2023\/07\/CIENCIA-Y-CONSERVACION-12x12.png 12w\" sizes=\"(max-width: 143px) 100vw, 143px\" \/>\t\t\t\t\t\t\t\t<\/a>\n\t\t\t\t\t\t\t\t\t\t\t\t\t\t\t<\/div>\n\t\t\t\t<\/div>\n\t\t\t\t<div class=\"elementor-element elementor-element-8c58cdd elementor-widget elementor-widget-heading\" data-id=\"8c58cdd\" data-element_type=\"widget\" data-widget_type=\"heading.default\">\n\t\t\t\t<div class=\"elementor-widget-container\">\n\t\t\t\t\t<h2 class=\"elementor-heading-title elementor-size-default\"><a href=\"https:\/\/ecominga.org\/en\/ciencia-y-conservacion\/\">Science and Conservation<\/a><\/h2>\t\t\t\t<\/div>\n\t\t\t\t<\/div>\n\t\t\t\t\t<\/div>\n\t\t<\/div>\n\t\t\t\t<div class=\"elementor-column elementor-col-20 elementor-inner-column elementor-element elementor-element-71daa4c\" data-id=\"71daa4c\" data-element_type=\"column\">\n\t\t\t<div class=\"elementor-widget-wrap elementor-element-populated\">\n\t\t\t\t\t\t<div class=\"elementor-element elementor-element-6cab7f2 elementor-widget elementor-widget-image\" data-id=\"6cab7f2\" data-element_type=\"widget\" data-widget_type=\"image.default\">\n\t\t\t\t<div class=\"elementor-widget-container\">\n\t\t\t\t\t\t\t\t\t\t\t\t\t\t\t\t<a href=\"https:\/\/ecominga.org\/en\/programa-de-voluntariado\/\">\n\t\t\t\t\t\t\t<img loading=\"lazy\" decoding=\"async\" width=\"142\" height=\"142\" src=\"https:\/\/ecominga.org\/wp-content\/uploads\/2023\/07\/VOLUNTARIADO.png\" class=\"attachment-full size-full wp-image-741\" alt=\"\" srcset=\"https:\/\/ecominga.org\/wp-content\/uploads\/2023\/07\/VOLUNTARIADO.png 142w, https:\/\/ecominga.org\/wp-content\/uploads\/2023\/07\/VOLUNTARIADO-12x12.png 12w\" sizes=\"(max-width: 142px) 100vw, 142px\" \/>\t\t\t\t\t\t\t\t<\/a>\n\t\t\t\t\t\t\t\t\t\t\t\t\t\t\t<\/div>\n\t\t\t\t<\/div>\n\t\t\t\t<div class=\"elementor-element elementor-element-2953246 elementor-widget elementor-widget-heading\" data-id=\"2953246\" data-element_type=\"widget\" data-widget_type=\"heading.default\">\n\t\t\t\t<div class=\"elementor-widget-container\">\n\t\t\t\t\t<h2 class=\"elementor-heading-title elementor-size-default\"><a href=\"https:\/\/ecominga.org\/en\/programa-de-voluntariado-2\/\">Volunteer<\/a><\/h2>\t\t\t\t<\/div>\n\t\t\t\t<\/div>\n\t\t\t\t\t<\/div>\n\t\t<\/div>\n\t\t\t\t<div class=\"elementor-column elementor-col-20 elementor-inner-column elementor-element elementor-element-b171ebe\" data-id=\"b171ebe\" data-element_type=\"column\">\n\t\t\t<div class=\"elementor-widget-wrap elementor-element-populated\">\n\t\t\t\t\t\t<div class=\"elementor-element elementor-element-c79953e elementor-widget elementor-widget-image\" data-id=\"c79953e\" data-element_type=\"widget\" data-widget_type=\"image.default\">\n\t\t\t\t<div class=\"elementor-widget-container\">\n\t\t\t\t\t\t\t\t\t\t\t\t\t\t\t\t<a href=\"https:\/\/ecominga.org\/en\/galareria\/\">\n\t\t\t\t\t\t\t<img loading=\"lazy\" decoding=\"async\" width=\"142\" height=\"143\" src=\"https:\/\/ecominga.org\/wp-content\/uploads\/2023\/07\/FAUNA.png\" class=\"attachment-full size-full wp-image-730\" alt=\"\" srcset=\"https:\/\/ecominga.org\/wp-content\/uploads\/2023\/07\/FAUNA.png 142w, https:\/\/ecominga.org\/wp-content\/uploads\/2023\/07\/FAUNA-12x12.png 12w\" sizes=\"(max-width: 142px) 100vw, 142px\" \/>\t\t\t\t\t\t\t\t<\/a>\n\t\t\t\t\t\t\t\t\t\t\t\t\t\t\t<\/div>\n\t\t\t\t<\/div>\n\t\t\t\t<div class=\"elementor-element elementor-element-ac68dfd elementor-widget elementor-widget-heading\" data-id=\"ac68dfd\" data-element_type=\"widget\" data-widget_type=\"heading.default\">\n\t\t\t\t<div class=\"elementor-widget-container\">\n\t\t\t\t\t<h2 class=\"elementor-heading-title elementor-size-default\"><a href=\"https:\/\/ecominga.org\/en\/galareria\/\">Gallery <\/a><\/h2>\t\t\t\t<\/div>\n\t\t\t\t<\/div>\n\t\t\t\t\t<\/div>\n\t\t<\/div>\n\t\t\t\t\t<\/div>\n\t\t<\/section>\n\t\t\t\t\t<\/div>\n\t\t<\/div>\n\t\t\t\t\t<\/div>\n\t\t<\/section>\n\t\t<div class=\"elementor-element elementor-element-3ac9f11 e-flex e-con-boxed e-con e-parent\" data-id=\"3ac9f11\" data-element_type=\"container\" data-settings=\"{&quot;background_background&quot;:&quot;slideshow&quot;,&quot;background_slideshow_gallery&quot;:[{&quot;id&quot;:3853,&quot;url&quot;:&quot;https:\\\/\\\/ecominga.org\\\/wp-content\\\/uploads\\\/2024\\\/07\\\/sumak_img_0175v2-2-scaled.jpg&quot;},{&quot;id&quot;:3854,&quot;url&quot;:&quot;https:\\\/\\\/ecominga.org\\\/wp-content\\\/uploads\\\/2024\\\/07\\\/sumak-img_0166v4-1-scaled.jpg&quot;},{&quot;id&quot;:3855,&quot;url&quot;:&quot;https:\\\/\\\/ecominga.org\\\/wp-content\\\/uploads\\\/2024\\\/07\\\/sumak-img_0190.v3jpg-2-scaled-e1722286555867.jpg&quot;}],&quot;background_slideshow_slide_transition&quot;:&quot;slide_left&quot;,&quot;background_slideshow_loop&quot;:&quot;yes&quot;,&quot;background_slideshow_slide_duration&quot;:5000,&quot;background_slideshow_transition_duration&quot;:500}\">\n\t\t\t\t\t<div class=\"e-con-inner\">\n\t\t<div class=\"elementor-element elementor-element-b4a72d1 e-flex e-con-boxed e-con e-child\" data-id=\"b4a72d1\" data-element_type=\"container\">\n\t\t\t\t\t<div class=\"e-con-inner\">\n\t\t\t\t<div class=\"elementor-element elementor-element-c9ffb8e elementor-widget elementor-widget-spacer\" data-id=\"c9ffb8e\" data-element_type=\"widget\" data-widget_type=\"spacer.default\">\n\t\t\t\t<div class=\"elementor-widget-container\">\n\t\t\t\t\t\t\t<div class=\"elementor-spacer\">\n\t\t\t<div class=\"elementor-spacer-inner\"><\/div>\n\t\t<\/div>\n\t\t\t\t\t\t<\/div>\n\t\t\t\t<\/div>\n\t\t\t\t\t<\/div>\n\t\t\t\t<\/div>\n\t\t\t\t<div class=\"elementor-element elementor-element-dfc13c0 elementor-widget elementor-widget-spacer\" data-id=\"dfc13c0\" data-element_type=\"widget\" data-widget_type=\"spacer.default\">\n\t\t\t\t<div class=\"elementor-widget-container\">\n\t\t\t\t\t\t\t<div class=\"elementor-spacer\">\n\t\t\t<div class=\"elementor-spacer-inner\"><\/div>\n\t\t<\/div>\n\t\t\t\t\t\t<\/div>\n\t\t\t\t<\/div>\n\t\t\t\t<div class=\"elementor-element elementor-element-bb54b04 elementor-widget elementor-widget-heading\" data-id=\"bb54b04\" data-element_type=\"widget\" data-widget_type=\"heading.default\">\n\t\t\t\t<div class=\"elementor-widget-container\">\n\t\t\t\t\t<h2 class=\"elementor-heading-title elementor-size-default\">Credits : Fauna of the Amazon<\/h2>\t\t\t\t<\/div>\n\t\t\t\t<\/div>\n\t\t\t\t\t<\/div>\n\t\t\t\t<\/div>\n\t\t<div class=\"elementor-element elementor-element-dd00476 e-flex e-con-boxed e-con e-parent\" data-id=\"dd00476\" data-element_type=\"container\">\n\t\t\t\t\t<div class=\"e-con-inner\">\n\t\t\t\t<div class=\"elementor-element elementor-element-239b076 elementor-widget-divider--view-line elementor-widget elementor-widget-divider\" data-id=\"239b076\" data-element_type=\"widget\" data-widget_type=\"divider.default\">\n\t\t\t\t<div class=\"elementor-widget-container\">\n\t\t\t\t\t\t\t<div class=\"elementor-divider\">\n\t\t\t<span class=\"elementor-divider-separator\">\n\t\t\t\t\t\t<\/span>\n\t\t<\/div>\n\t\t\t\t\t\t<\/div>\n\t\t\t\t<\/div>\n\t\t\t\t\t<\/div>\n\t\t\t\t<\/div>\n\t\t\t\t<\/div>","protected":false},"excerpt":{"rendered":"<p>Fundaci\u00f3n EcoMinga \u2013 Red de Protecci\u00f3n de Bosques Amenazados Protegemos los bosques nublados de Ecuador desde 2006, mediante un sistema de 15 \u00e1reas protegidas privadas, dedicadas a la conservaci\u00f3n de especies end\u00e9micas y globalmente amenazadas. Leer m\u00e1s&#8230; Nuestras Reservas Nuestros Proyectos Ciencia y Conservaci\u00f3n Voluntariado Galer\u00eda Cr\u00e9ditos : Fauna de la Amazon\u00eda<\/p>","protected":false},"author":1,"featured_media":0,"parent":0,"menu_order":0,"comment_status":"closed","ping_status":"closed","template":"elementor_header_footer","meta":{"footnotes":""},"class_list":["post-104","page","type-page","status-publish","hentry"],"yoast_head":"<!-- This site is optimized with the Yoast SEO plugin v23.4 - https:\/\/yoast.com\/wordpress\/plugins\/seo\/ -->\n<title>Home -<\/title>\n<meta name=\"robots\" content=\"index, follow, max-snippet:-1, max-image-preview:large, max-video-preview:-1\" \/>\n<link rel=\"canonical\" href=\"https:\/\/ecominga.org\/en\/\" \/>\n<meta property=\"og:locale\" content=\"en_US\" \/>\n<meta property=\"og:type\" content=\"article\" \/>\n<meta property=\"og:title\" content=\"Home -\" \/>\n<meta property=\"og:description\" content=\"Fundaci\u00f3n EcoMinga \u2013 Red de Protecci\u00f3n de Bosques Amenazados Protegemos los bosques nublados de Ecuador desde 2006, mediante un sistema de 15 \u00e1reas protegidas privadas, dedicadas a la conservaci\u00f3n de especies end\u00e9micas y globalmente amenazadas. Leer m\u00e1s&#8230; Nuestras Reservas Nuestros Proyectos Ciencia y Conservaci\u00f3n Voluntariado Galer\u00eda Cr\u00e9ditos : Fauna de la Amazon\u00eda\" \/>\n<meta property=\"og:url\" content=\"https:\/\/ecominga.org\/en\/\" \/>\n<meta property=\"article:publisher\" content=\"https:\/\/www.facebook.com\/ecominga\" \/>\n<meta property=\"article:modified_time\" content=\"2025-12-18T17:59:52+00:00\" \/>\n<meta property=\"og:image\" content=\"https:\/\/ecominga.org\/wp-content\/uploads\/2023\/07\/BOSQUES.png\" \/>\n<meta name=\"twitter:card\" content=\"summary_large_image\" \/>\n<meta name=\"twitter:label1\" content=\"Est. reading time\" \/>\n\t<meta name=\"twitter:data1\" content=\"2 minutes\" \/>\n<script type=\"application\/ld+json\" class=\"yoast-schema-graph\">{\"@context\":\"https:\/\/schema.org\",\"@graph\":[{\"@type\":\"WebPage\",\"@id\":\"https:\/\/ecominga.org\/\",\"url\":\"https:\/\/ecominga.org\/\",\"name\":\"Home -\",\"isPartOf\":{\"@id\":\"https:\/\/ecominga.org\/#website\"},\"primaryImageOfPage\":{\"@id\":\"https:\/\/ecominga.org\/#primaryimage\"},\"image\":{\"@id\":\"https:\/\/ecominga.org\/#primaryimage\"},\"thumbnailUrl\":\"https:\/\/ecominga.org\/wp-content\/uploads\/2023\/07\/BOSQUES.png\",\"datePublished\":\"2023-05-03T10:30:19+00:00\",\"dateModified\":\"2025-12-18T17:59:52+00:00\",\"breadcrumb\":{\"@id\":\"https:\/\/ecominga.org\/#breadcrumb\"},\"inLanguage\":\"en-US\",\"potentialAction\":[{\"@type\":\"ReadAction\",\"target\":[\"https:\/\/ecominga.org\/\"]}]},{\"@type\":\"ImageObject\",\"inLanguage\":\"en-US\",\"@id\":\"https:\/\/ecominga.org\/#primaryimage\",\"url\":\"https:\/\/ecominga.org\/wp-content\/uploads\/2023\/07\/BOSQUES.png\",\"contentUrl\":\"https:\/\/ecominga.org\/wp-content\/uploads\/2023\/07\/BOSQUES.png\"},{\"@type\":\"BreadcrumbList\",\"@id\":\"https:\/\/ecominga.org\/#breadcrumb\",\"itemListElement\":[{\"@type\":\"ListItem\",\"position\":1,\"name\":\"Portada\",\"item\":\"https:\/\/ecominga.org\/\"},{\"@type\":\"ListItem\",\"position\":2,\"name\":\"Home\"}]},{\"@type\":\"WebSite\",\"@id\":\"https:\/\/ecominga.org\/#website\",\"url\":\"https:\/\/ecominga.org\/\",\"name\":\"Ecominga\",\"description\":\"Fundaci\u00f3n\",\"publisher\":{\"@id\":\"https:\/\/ecominga.org\/#organization\"},\"alternateName\":\"Fundaci\u00f3n Ecominga\",\"potentialAction\":[{\"@type\":\"SearchAction\",\"target\":{\"@type\":\"EntryPoint\",\"urlTemplate\":\"https:\/\/ecominga.org\/?s={search_term_string}\"},\"query-input\":{\"@type\":\"PropertyValueSpecification\",\"valueRequired\":true,\"valueName\":\"search_term_string\"}}],\"inLanguage\":\"en-US\"},{\"@type\":\"Organization\",\"@id\":\"https:\/\/ecominga.org\/#organization\",\"name\":\"Fundaci\u00f3n EcoMinga\",\"url\":\"https:\/\/ecominga.org\/\",\"logo\":{\"@type\":\"ImageObject\",\"inLanguage\":\"en-US\",\"@id\":\"https:\/\/ecominga.org\/#\/schema\/logo\/image\/\",\"url\":\"https:\/\/ecominga.org\/wp-content\/uploads\/2023\/05\/logo-de-ecominga_SIN-BLANCO.png\",\"contentUrl\":\"https:\/\/ecominga.org\/wp-content\/uploads\/2023\/05\/logo-de-ecominga_SIN-BLANCO.png\",\"width\":322,\"height\":101,\"caption\":\"Fundaci\u00f3n EcoMinga\"},\"image\":{\"@id\":\"https:\/\/ecominga.org\/#\/schema\/logo\/image\/\"},\"sameAs\":[\"https:\/\/www.facebook.com\/ecominga\"]}]}<\/script>\n<!-- \/ Yoast SEO plugin. -->","yoast_head_json":{"title":"Home -","robots":{"index":"index","follow":"follow","max-snippet":"max-snippet:-1","max-image-preview":"max-image-preview:large","max-video-preview":"max-video-preview:-1"},"canonical":"https:\/\/ecominga.org\/en\/","og_locale":"en_US","og_type":"article","og_title":"Home -","og_description":"Fundaci\u00f3n EcoMinga \u2013 Red de Protecci\u00f3n de Bosques Amenazados Protegemos los bosques nublados de Ecuador desde 2006, mediante un sistema de 15 \u00e1reas protegidas privadas, dedicadas a la conservaci\u00f3n de especies end\u00e9micas y globalmente amenazadas. Leer m\u00e1s&#8230; Nuestras Reservas Nuestros Proyectos Ciencia y Conservaci\u00f3n Voluntariado Galer\u00eda Cr\u00e9ditos : Fauna de la Amazon\u00eda","og_url":"https:\/\/ecominga.org\/en\/","article_publisher":"https:\/\/www.facebook.com\/ecominga","article_modified_time":"2025-12-18T17:59:52+00:00","og_image":[{"url":"https:\/\/ecominga.org\/wp-content\/uploads\/2023\/07\/BOSQUES.png"}],"twitter_card":"summary_large_image","twitter_misc":{"Est. reading time":"2 minutes"},"schema":{"@context":"https:\/\/schema.org","@graph":[{"@type":"WebPage","@id":"https:\/\/ecominga.org\/","url":"https:\/\/ecominga.org\/","name":"Home -","isPartOf":{"@id":"https:\/\/ecominga.org\/#website"},"primaryImageOfPage":{"@id":"https:\/\/ecominga.org\/#primaryimage"},"image":{"@id":"https:\/\/ecominga.org\/#primaryimage"},"thumbnailUrl":"https:\/\/ecominga.org\/wp-content\/uploads\/2023\/07\/BOSQUES.png","datePublished":"2023-05-03T10:30:19+00:00","dateModified":"2025-12-18T17:59:52+00:00","breadcrumb":{"@id":"https:\/\/ecominga.org\/#breadcrumb"},"inLanguage":"en-US","potentialAction":[{"@type":"ReadAction","target":["https:\/\/ecominga.org\/"]}]},{"@type":"ImageObject","inLanguage":"en-US","@id":"https:\/\/ecominga.org\/#primaryimage","url":"https:\/\/ecominga.org\/wp-content\/uploads\/2023\/07\/BOSQUES.png","contentUrl":"https:\/\/ecominga.org\/wp-content\/uploads\/2023\/07\/BOSQUES.png"},{"@type":"BreadcrumbList","@id":"https:\/\/ecominga.org\/#breadcrumb","itemListElement":[{"@type":"ListItem","position":1,"name":"Portada","item":"https:\/\/ecominga.org\/"},{"@type":"ListItem","position":2,"name":"Home"}]},{"@type":"WebSite","@id":"https:\/\/ecominga.org\/#website","url":"https:\/\/ecominga.org\/","name":"Ecominga","description":"Fundaci\u00f3n","publisher":{"@id":"https:\/\/ecominga.org\/#organization"},"alternateName":"Fundaci\u00f3n Ecominga","potentialAction":[{"@type":"SearchAction","target":{"@type":"EntryPoint","urlTemplate":"https:\/\/ecominga.org\/?s={search_term_string}"},"query-input":{"@type":"PropertyValueSpecification","valueRequired":true,"valueName":"search_term_string"}}],"inLanguage":"en-US"},{"@type":"Organization","@id":"https:\/\/ecominga.org\/#organization","name":"EcoMinga Foundation","url":"https:\/\/ecominga.org\/","logo":{"@type":"ImageObject","inLanguage":"en-US","@id":"https:\/\/ecominga.org\/#\/schema\/logo\/image\/","url":"https:\/\/ecominga.org\/wp-content\/uploads\/2023\/05\/logo-de-ecominga_SIN-BLANCO.png","contentUrl":"https:\/\/ecominga.org\/wp-content\/uploads\/2023\/05\/logo-de-ecominga_SIN-BLANCO.png","width":322,"height":101,"caption":"Fundaci\u00f3n EcoMinga"},"image":{"@id":"https:\/\/ecominga.org\/#\/schema\/logo\/image\/"},"sameAs":["https:\/\/www.facebook.com\/ecominga"]}]}},"_links":{"self":[{"href":"https:\/\/ecominga.org\/en\/wp-json\/wp\/v2\/pages\/104"}],"collection":[{"href":"https:\/\/ecominga.org\/en\/wp-json\/wp\/v2\/pages"}],"about":[{"href":"https:\/\/ecominga.org\/en\/wp-json\/wp\/v2\/types\/page"}],"author":[{"embeddable":true,"href":"https:\/\/ecominga.org\/en\/wp-json\/wp\/v2\/users\/1"}],"replies":[{"embeddable":true,"href":"https:\/\/ecominga.org\/en\/wp-json\/wp\/v2\/comments?post=104"}],"version-history":[{"count":215,"href":"https:\/\/ecominga.org\/en\/wp-json\/wp\/v2\/pages\/104\/revisions"}],"predecessor-version":[{"id":6555,"href":"https:\/\/ecominga.org\/en\/wp-json\/wp\/v2\/pages\/104\/revisions\/6555"}],"wp:attachment":[{"href":"https:\/\/ecominga.org\/en\/wp-json\/wp\/v2\/media?parent=104"}],"curies":[{"name":"wp","href":"https:\/\/api.w.org\/{rel}","templated":true}]}}