{"id":152,"date":"2023-05-03T13:29:17","date_gmt":"2023-05-03T13:29:17","guid":{"rendered":"http:\/\/ecominga.org\/?page_id=152"},"modified":"2024-09-05T17:00:25","modified_gmt":"2024-09-05T22:00:25","slug":"contact","status":"publish","type":"page","link":"https:\/\/ecominga.org\/en\/contact\/","title":{"rendered":"Contact"},"content":{"rendered":"<div data-elementor-type=\"wp-page\" data-elementor-id=\"152\" class=\"elementor elementor-152\" data-elementor-post-type=\"page\">\n\t\t\t\t\t\t<section class=\"elementor-section elementor-top-section elementor-element elementor-element-48996305 elementor-reverse-tablet elementor-reverse-mobile elementor-section-boxed elementor-section-height-default elementor-section-height-default\" data-id=\"48996305\" data-element_type=\"section\" data-settings=\"{&quot;background_background&quot;:&quot;classic&quot;}\">\n\t\t\t\t\t\t\t<div class=\"elementor-background-overlay\"><\/div>\n\t\t\t\t\t\t\t<div class=\"elementor-container elementor-column-gap-default\">\n\t\t\t\t\t<div class=\"elementor-column elementor-col-100 elementor-top-column elementor-element elementor-element-5a818b04\" data-id=\"5a818b04\" data-element_type=\"column\">\n\t\t\t<div class=\"elementor-widget-wrap elementor-element-populated\">\n\t\t\t\t\t\t<div class=\"elementor-element elementor-element-24f64a1 elementor-widget elementor-widget-heading\" data-id=\"24f64a1\" data-element_type=\"widget\" data-widget_type=\"heading.default\">\n\t\t\t\t<div class=\"elementor-widget-container\">\n\t\t\t\t\t<h1 class=\"elementor-heading-title elementor-size-default\">Contact<\/h1>\t\t\t\t<\/div>\n\t\t\t\t<\/div>\n\t\t\t\t\t<\/div>\n\t\t<\/div>\n\t\t\t\t\t<\/div>\n\t\t<\/section>\n\t\t\t\t<section class=\"elementor-section elementor-top-section elementor-element elementor-element-c36719b elementor-section-boxed elementor-section-height-default elementor-section-height-default\" data-id=\"c36719b\" data-element_type=\"section\">\n\t\t\t\t\t\t<div class=\"elementor-container elementor-column-gap-default\">\n\t\t\t\t\t<div class=\"elementor-column elementor-col-100 elementor-top-column elementor-element elementor-element-218a6d9\" data-id=\"218a6d9\" data-element_type=\"column\">\n\t\t\t<div class=\"elementor-widget-wrap elementor-element-populated\">\n\t\t\t\t\t\t<div class=\"elementor-element elementor-element-1c0e197 elementor-widget elementor-widget-spacer\" data-id=\"1c0e197\" data-element_type=\"widget\" data-widget_type=\"spacer.default\">\n\t\t\t\t<div class=\"elementor-widget-container\">\n\t\t\t\t\t\t\t<div class=\"elementor-spacer\">\n\t\t\t<div class=\"elementor-spacer-inner\"><\/div>\n\t\t<\/div>\n\t\t\t\t\t\t<\/div>\n\t\t\t\t<\/div>\n\t\t\t\t\t<\/div>\n\t\t<\/div>\n\t\t\t\t\t<\/div>\n\t\t<\/section>\n\t\t\t\t<section class=\"elementor-section elementor-top-section elementor-element elementor-element-2083cf1 elementor-section-boxed elementor-section-height-default elementor-section-height-default\" data-id=\"2083cf1\" data-element_type=\"section\">\n\t\t\t\t\t\t<div class=\"elementor-container elementor-column-gap-default\">\n\t\t\t\t\t<div class=\"elementor-column elementor-col-50 elementor-top-column elementor-element elementor-element-d273e95\" data-id=\"d273e95\" data-element_type=\"column\">\n\t\t\t<div class=\"elementor-widget-wrap elementor-element-populated\">\n\t\t\t\t\t\t<div class=\"elementor-element elementor-element-a95f633 elementor-widget elementor-widget-heading\" data-id=\"a95f633\" data-element_type=\"widget\" data-widget_type=\"heading.default\">\n\t\t\t\t<div class=\"elementor-widget-container\">\n\t\t\t\t\t<h2 class=\"elementor-heading-title elementor-size-default\">Office of Quito<\/h2>\t\t\t\t<\/div>\n\t\t\t\t<\/div>\n\t\t\t\t<div class=\"elementor-element elementor-element-693fcb5 elementor-widget elementor-widget-image\" data-id=\"693fcb5\" data-element_type=\"widget\" data-widget_type=\"image.default\">\n\t\t\t\t<div class=\"elementor-widget-container\">\n\t\t\t\t\t\t\t\t\t\t\t\t\t\t\t<img fetchpriority=\"high\" decoding=\"async\" width=\"754\" height=\"746\" src=\"https:\/\/ecominga.org\/wp-content\/uploads\/2024\/07\/Oficina-Quito.jpeg\" class=\"attachment-large size-large wp-image-2405\" alt=\"\" srcset=\"https:\/\/ecominga.org\/wp-content\/uploads\/2024\/07\/Oficina-Quito.jpeg 754w, https:\/\/ecominga.org\/wp-content\/uploads\/2024\/07\/Oficina-Quito-300x297.jpeg 300w, https:\/\/ecominga.org\/wp-content\/uploads\/2024\/07\/Oficina-Quito-12x12.jpeg 12w\" sizes=\"(max-width: 754px) 100vw, 754px\" \/>\t\t\t\t\t\t\t\t\t\t\t\t\t\t\t<\/div>\n\t\t\t\t<\/div>\n\t\t\t\t<div class=\"elementor-element elementor-element-b8b3a5d jkit-equal-height-disable elementor-widget elementor-widget-jkit_icon_box\" data-id=\"b8b3a5d\" data-element_type=\"widget\" data-widget_type=\"jkit_icon_box.default\">\n\t\t\t\t<div class=\"elementor-widget-container\">\n\t\t\t\t\t<div  class=\"jeg-elementor-kit jkit-icon-box icon-position-left elementor-animation- jeg_module___69db7eb09e569\" ><div class=\"jkit-icon-box-wrapper hover-from-left\"><div class=\"icon-box icon-box-header elementor-animation-\"><div class=\"icon style-color\"><i aria-hidden=\"true\" class=\"jki jki-map-line\"><\/i><\/div><\/div><div class=\"icon-box icon-box-body\">\n                <h4 class=\"title\">Location<\/h4><p class=\"icon-box-description\">Center for International Studies - Marshal Foch E4-308 and Juan Le\u00f3n Mera<br \/>\n<\/p>\n            <\/div>\n            \n            <\/div><\/div>\t\t\t\t<\/div>\n\t\t\t\t<\/div>\n\t\t\t\t<div class=\"elementor-element elementor-element-b13761a jkit-equal-height-disable elementor-widget elementor-widget-jkit_icon_box\" data-id=\"b13761a\" data-element_type=\"widget\" data-widget_type=\"jkit_icon_box.default\">\n\t\t\t\t<div class=\"elementor-widget-container\">\n\t\t\t\t\t<div  class=\"jeg-elementor-kit jkit-icon-box icon-position-left elementor-animation- jeg_module__1_69db7eb09ec0a\" ><div class=\"jkit-icon-box-wrapper hover-from-left\"><div class=\"icon-box icon-box-header elementor-animation-\"><div class=\"icon style-color\"><i aria-hidden=\"true\" class=\"jki jki-phone-line\"><\/i><\/div><\/div><div class=\"icon-box icon-box-body\">\n                <h4 class=\"title\">Phone<\/h4><p class=\"icon-box-description\">(+593) 995 872237<br \/>\n(+593) 2 2559 094<br \/>\n<\/p>\n            <\/div>\n            \n            <\/div><\/div>\t\t\t\t<\/div>\n\t\t\t\t<\/div>\n\t\t\t\t<div class=\"elementor-element elementor-element-20a776be elementor-widget elementor-widget-google_maps\" data-id=\"20a776be\" data-element_type=\"widget\" data-widget_type=\"google_maps.default\">\n\t\t\t\t<div class=\"elementor-widget-container\">\n\t\t\t\t\t\t\t<div class=\"elementor-custom-embed\">\n\t\t\t<iframe loading=\"lazy\"\n\t\t\t\t\tsrc=\"https:\/\/maps.google.com\/maps?q=Fundaci%C3%B3n%20EcoMinga&#038;t=m&#038;z=16&#038;output=embed&#038;iwloc=near\"\n\t\t\t\t\ttitle=\"EcoMinga Foundation\"\n\t\t\t\t\taria-label=\"EcoMinga Foundation\"\n\t\t\t><\/iframe>\n\t\t<\/div>\n\t\t\t\t\t\t<\/div>\n\t\t\t\t<\/div>\n\t\t\t\t\t<\/div>\n\t\t<\/div>\n\t\t\t\t<div class=\"elementor-column elementor-col-50 elementor-top-column elementor-element elementor-element-380ee0d\" data-id=\"380ee0d\" data-element_type=\"column\">\n\t\t\t<div class=\"elementor-widget-wrap elementor-element-populated\">\n\t\t\t\t\t\t<div class=\"elementor-element elementor-element-ea8b8d2 elementor-widget elementor-widget-heading\" data-id=\"ea8b8d2\" data-element_type=\"widget\" data-widget_type=\"heading.default\">\n\t\t\t\t<div class=\"elementor-widget-container\">\n\t\t\t\t\t<h2 class=\"elementor-heading-title elementor-size-default\">Office of Ba\u00f1os<\/h2>\t\t\t\t<\/div>\n\t\t\t\t<\/div>\n\t\t\t\t<div class=\"elementor-element elementor-element-c4d392d elementor-widget elementor-widget-image\" data-id=\"c4d392d\" data-element_type=\"widget\" data-widget_type=\"image.default\">\n\t\t\t\t<div class=\"elementor-widget-container\">\n\t\t\t\t\t\t\t\t\t\t\t\t\t\t\t<img decoding=\"async\" width=\"800\" height=\"648\" src=\"https:\/\/ecominga.org\/wp-content\/uploads\/2024\/07\/Oficina_Banos.jpeg\" class=\"attachment-large size-large wp-image-2406\" alt=\"\" srcset=\"https:\/\/ecominga.org\/wp-content\/uploads\/2024\/07\/Oficina_Banos.jpeg 843w, https:\/\/ecominga.org\/wp-content\/uploads\/2024\/07\/Oficina_Banos-300x243.jpeg 300w, https:\/\/ecominga.org\/wp-content\/uploads\/2024\/07\/Oficina_Banos-768x622.jpeg 768w, https:\/\/ecominga.org\/wp-content\/uploads\/2024\/07\/Oficina_Banos-15x12.jpeg 15w\" sizes=\"(max-width: 800px) 100vw, 800px\" \/>\t\t\t\t\t\t\t\t\t\t\t\t\t\t\t<\/div>\n\t\t\t\t<\/div>\n\t\t\t\t<div class=\"elementor-element elementor-element-5272345 jkit-equal-height-disable elementor-widget elementor-widget-jkit_icon_box\" data-id=\"5272345\" data-element_type=\"widget\" data-widget_type=\"jkit_icon_box.default\">\n\t\t\t\t<div class=\"elementor-widget-container\">\n\t\t\t\t\t<div  class=\"jeg-elementor-kit jkit-icon-box icon-position-left elementor-animation- jeg_module__2_69db7eb09f1a2\" ><div class=\"jkit-icon-box-wrapper hover-from-left\"><div class=\"icon-box icon-box-header elementor-animation-\"><div class=\"icon style-color\"><i aria-hidden=\"true\" class=\"jki jki-map-line\"><\/i><\/div><\/div><div class=\"icon-box icon-box-body\">\n                <h4 class=\"title\">Location<\/h4><p class=\"icon-box-description\">Foundation Oscar Efren Reyes - November 12, 270, and Luis A. Martinez<\/p>\n            <\/div>\n            \n            <\/div><\/div>\t\t\t\t<\/div>\n\t\t\t\t<\/div>\n\t\t\t\t<div class=\"elementor-element elementor-element-118e72e jkit-equal-height-disable elementor-widget elementor-widget-jkit_icon_box\" data-id=\"118e72e\" data-element_type=\"widget\" data-widget_type=\"jkit_icon_box.default\">\n\t\t\t\t<div class=\"elementor-widget-container\">\n\t\t\t\t\t<div  class=\"jeg-elementor-kit jkit-icon-box icon-position-left elementor-animation- jeg_module__3_69db7eb09f70d\" ><div class=\"jkit-icon-box-wrapper hover-from-left\"><div class=\"icon-box icon-box-header elementor-animation-\"><div class=\"icon style-color\"><i aria-hidden=\"true\" class=\"jki jki-phone-line\"><\/i><\/div><\/div><div class=\"icon-box icon-box-body\">\n                <h4 class=\"title\">Phone<\/h4><p class=\"icon-box-description\">(+593) 995 872237<br \/>\n(+593) 2 2559 094<br \/>\n<\/p>\n            <\/div>\n            \n            <\/div><\/div>\t\t\t\t<\/div>\n\t\t\t\t<\/div>\n\t\t\t\t<div class=\"elementor-element elementor-element-cd5d3cd elementor-widget elementor-widget-google_maps\" data-id=\"cd5d3cd\" data-element_type=\"widget\" data-widget_type=\"google_maps.default\">\n\t\t\t\t<div class=\"elementor-widget-container\">\n\t\t\t\t\t\t\t<div class=\"elementor-custom-embed\">\n\t\t\t<iframe loading=\"lazy\"\n\t\t\t\t\tsrc=\"https:\/\/maps.google.com\/maps?q=Fundacion%20Oscar%20Efren%20Reyes&#038;t=m&#038;z=16&#038;output=embed&#038;iwloc=near\"\n\t\t\t\t\ttitle=\"Foundation Oscar Efren Reyes\"\n\t\t\t\t\taria-label=\"Foundation Oscar Efren Reyes\"\n\t\t\t><\/iframe>\n\t\t<\/div>\n\t\t\t\t\t\t<\/div>\n\t\t\t\t<\/div>\n\t\t\t\t\t<\/div>\n\t\t<\/div>\n\t\t\t\t\t<\/div>\n\t\t<\/section>\n\t\t<div class=\"elementor-element elementor-element-540e3d1 e-flex e-con-boxed e-con e-parent\" data-id=\"540e3d1\" data-element_type=\"container\">\n\t\t\t\t\t<div class=\"e-con-inner\">\n\t\t\t\t<div class=\"elementor-element elementor-element-1bff640 elementor-widget elementor-widget-spacer\" data-id=\"1bff640\" data-element_type=\"widget\" data-widget_type=\"spacer.default\">\n\t\t\t\t<div class=\"elementor-widget-container\">\n\t\t\t\t\t\t\t<div class=\"elementor-spacer\">\n\t\t\t<div class=\"elementor-spacer-inner\"><\/div>\n\t\t<\/div>\n\t\t\t\t\t\t<\/div>\n\t\t\t\t<\/div>\n\t\t\t\t\t<\/div>\n\t\t\t\t<\/div>\n\t\t\t\t<\/div>","protected":false},"excerpt":{"rendered":"<p>Contacto Oficina de Quito Ubicaci\u00f3n Centro de Estudios Internacionales &#8211; Mariscal Foch E4-308 y Juan Le\u00f3n Mera Tel\u00e9fono (+593) 995 872237 (+593) 2 2559 094 Oficina de Ba\u00f1os Ubicaci\u00f3n Fundaci\u00f3n \u00d3scar Efr\u00e9n Reyes &#8211; 12 de Noviembre 270 y Luis A. Martinez Tel\u00e9fono (+593) 995 872237 (+593) 2 2559 094<\/p>","protected":false},"author":1,"featured_media":0,"parent":0,"menu_order":0,"comment_status":"closed","ping_status":"closed","template":"elementor_header_footer","meta":{"footnotes":""},"class_list":["post-152","page","type-page","status-publish","hentry"],"yoast_head":"<!-- This site is optimized with the Yoast SEO plugin v23.4 - https:\/\/yoast.com\/wordpress\/plugins\/seo\/ -->\n<title>Contacto -<\/title>\n<meta name=\"robots\" content=\"index, follow, max-snippet:-1, max-image-preview:large, max-video-preview:-1\" \/>\n<link rel=\"canonical\" href=\"https:\/\/ecominga.org\/en\/contact\/\" \/>\n<meta property=\"og:locale\" content=\"en_US\" \/>\n<meta property=\"og:type\" content=\"article\" \/>\n<meta property=\"og:title\" content=\"Contacto -\" \/>\n<meta property=\"og:description\" content=\"Contacto Oficina de Quito Ubicaci\u00f3n Centro de Estudios Internacionales &#8211; Mariscal Foch E4-308 y Juan Le\u00f3n Mera Tel\u00e9fono (+593) 995 872237 (+593) 2 2559 094 Oficina de Ba\u00f1os Ubicaci\u00f3n Fundaci\u00f3n \u00d3scar Efr\u00e9n Reyes &#8211; 12 de Noviembre 270 y Luis A. Martinez Tel\u00e9fono (+593) 995 872237 (+593) 2 2559 094\" \/>\n<meta property=\"og:url\" content=\"https:\/\/ecominga.org\/en\/contact\/\" \/>\n<meta property=\"article:publisher\" content=\"https:\/\/www.facebook.com\/ecominga\" \/>\n<meta property=\"article:modified_time\" content=\"2024-09-05T22:00:25+00:00\" \/>\n<meta property=\"og:image\" content=\"https:\/\/ecominga.org\/wp-content\/uploads\/2024\/07\/Oficina-Quito.jpeg\" \/>\n<meta name=\"twitter:card\" content=\"summary_large_image\" \/>\n<meta name=\"twitter:label1\" content=\"Est. reading time\" \/>\n\t<meta name=\"twitter:data1\" content=\"1 minute\" \/>\n<script type=\"application\/ld+json\" class=\"yoast-schema-graph\">{\"@context\":\"https:\/\/schema.org\",\"@graph\":[{\"@type\":\"WebPage\",\"@id\":\"https:\/\/ecominga.org\/contact\/\",\"url\":\"https:\/\/ecominga.org\/contact\/\",\"name\":\"Contacto -\",\"isPartOf\":{\"@id\":\"https:\/\/ecominga.org\/#website\"},\"primaryImageOfPage\":{\"@id\":\"https:\/\/ecominga.org\/contact\/#primaryimage\"},\"image\":{\"@id\":\"https:\/\/ecominga.org\/contact\/#primaryimage\"},\"thumbnailUrl\":\"https:\/\/ecominga.org\/wp-content\/uploads\/2024\/07\/Oficina-Quito.jpeg\",\"datePublished\":\"2023-05-03T13:29:17+00:00\",\"dateModified\":\"2024-09-05T22:00:25+00:00\",\"breadcrumb\":{\"@id\":\"https:\/\/ecominga.org\/contact\/#breadcrumb\"},\"inLanguage\":\"en-US\",\"potentialAction\":[{\"@type\":\"ReadAction\",\"target\":[\"https:\/\/ecominga.org\/contact\/\"]}]},{\"@type\":\"ImageObject\",\"inLanguage\":\"en-US\",\"@id\":\"https:\/\/ecominga.org\/contact\/#primaryimage\",\"url\":\"https:\/\/ecominga.org\/wp-content\/uploads\/2024\/07\/Oficina-Quito.jpeg\",\"contentUrl\":\"https:\/\/ecominga.org\/wp-content\/uploads\/2024\/07\/Oficina-Quito.jpeg\"},{\"@type\":\"BreadcrumbList\",\"@id\":\"https:\/\/ecominga.org\/contact\/#breadcrumb\",\"itemListElement\":[{\"@type\":\"ListItem\",\"position\":1,\"name\":\"Portada\",\"item\":\"https:\/\/ecominga.org\/\"},{\"@type\":\"ListItem\",\"position\":2,\"name\":\"Contacto\"}]},{\"@type\":\"WebSite\",\"@id\":\"https:\/\/ecominga.org\/#website\",\"url\":\"https:\/\/ecominga.org\/\",\"name\":\"Ecominga\",\"description\":\"Fundaci\u00f3n\",\"publisher\":{\"@id\":\"https:\/\/ecominga.org\/#organization\"},\"alternateName\":\"Fundaci\u00f3n Ecominga\",\"potentialAction\":[{\"@type\":\"SearchAction\",\"target\":{\"@type\":\"EntryPoint\",\"urlTemplate\":\"https:\/\/ecominga.org\/?s={search_term_string}\"},\"query-input\":{\"@type\":\"PropertyValueSpecification\",\"valueRequired\":true,\"valueName\":\"search_term_string\"}}],\"inLanguage\":\"en-US\"},{\"@type\":\"Organization\",\"@id\":\"https:\/\/ecominga.org\/#organization\",\"name\":\"Fundaci\u00f3n EcoMinga\",\"url\":\"https:\/\/ecominga.org\/\",\"logo\":{\"@type\":\"ImageObject\",\"inLanguage\":\"en-US\",\"@id\":\"https:\/\/ecominga.org\/#\/schema\/logo\/image\/\",\"url\":\"https:\/\/ecominga.org\/wp-content\/uploads\/2023\/05\/logo-de-ecominga_SIN-BLANCO.png\",\"contentUrl\":\"https:\/\/ecominga.org\/wp-content\/uploads\/2023\/05\/logo-de-ecominga_SIN-BLANCO.png\",\"width\":322,\"height\":101,\"caption\":\"Fundaci\u00f3n EcoMinga\"},\"image\":{\"@id\":\"https:\/\/ecominga.org\/#\/schema\/logo\/image\/\"},\"sameAs\":[\"https:\/\/www.facebook.com\/ecominga\"]}]}<\/script>\n<!-- \/ Yoast SEO plugin. -->","yoast_head_json":{"title":"Contacto -","robots":{"index":"index","follow":"follow","max-snippet":"max-snippet:-1","max-image-preview":"max-image-preview:large","max-video-preview":"max-video-preview:-1"},"canonical":"https:\/\/ecominga.org\/en\/contact\/","og_locale":"en_US","og_type":"article","og_title":"Contacto -","og_description":"Contacto Oficina de Quito Ubicaci\u00f3n Centro de Estudios Internacionales &#8211; Mariscal Foch E4-308 y Juan Le\u00f3n Mera Tel\u00e9fono (+593) 995 872237 (+593) 2 2559 094 Oficina de Ba\u00f1os Ubicaci\u00f3n Fundaci\u00f3n \u00d3scar Efr\u00e9n Reyes &#8211; 12 de Noviembre 270 y Luis A. Martinez Tel\u00e9fono (+593) 995 872237 (+593) 2 2559 094","og_url":"https:\/\/ecominga.org\/en\/contact\/","article_publisher":"https:\/\/www.facebook.com\/ecominga","article_modified_time":"2024-09-05T22:00:25+00:00","og_image":[{"url":"https:\/\/ecominga.org\/wp-content\/uploads\/2024\/07\/Oficina-Quito.jpeg"}],"twitter_card":"summary_large_image","twitter_misc":{"Est. reading time":"1 minute"},"schema":{"@context":"https:\/\/schema.org","@graph":[{"@type":"WebPage","@id":"https:\/\/ecominga.org\/contact\/","url":"https:\/\/ecominga.org\/contact\/","name":"Contacto -","isPartOf":{"@id":"https:\/\/ecominga.org\/#website"},"primaryImageOfPage":{"@id":"https:\/\/ecominga.org\/contact\/#primaryimage"},"image":{"@id":"https:\/\/ecominga.org\/contact\/#primaryimage"},"thumbnailUrl":"https:\/\/ecominga.org\/wp-content\/uploads\/2024\/07\/Oficina-Quito.jpeg","datePublished":"2023-05-03T13:29:17+00:00","dateModified":"2024-09-05T22:00:25+00:00","breadcrumb":{"@id":"https:\/\/ecominga.org\/contact\/#breadcrumb"},"inLanguage":"en-US","potentialAction":[{"@type":"ReadAction","target":["https:\/\/ecominga.org\/contact\/"]}]},{"@type":"ImageObject","inLanguage":"en-US","@id":"https:\/\/ecominga.org\/contact\/#primaryimage","url":"https:\/\/ecominga.org\/wp-content\/uploads\/2024\/07\/Oficina-Quito.jpeg","contentUrl":"https:\/\/ecominga.org\/wp-content\/uploads\/2024\/07\/Oficina-Quito.jpeg"},{"@type":"BreadcrumbList","@id":"https:\/\/ecominga.org\/contact\/#breadcrumb","itemListElement":[{"@type":"ListItem","position":1,"name":"Portada","item":"https:\/\/ecominga.org\/"},{"@type":"ListItem","position":2,"name":"Contacto"}]},{"@type":"WebSite","@id":"https:\/\/ecominga.org\/#website","url":"https:\/\/ecominga.org\/","name":"Ecominga","description":"Fundaci\u00f3n","publisher":{"@id":"https:\/\/ecominga.org\/#organization"},"alternateName":"Fundaci\u00f3n Ecominga","potentialAction":[{"@type":"SearchAction","target":{"@type":"EntryPoint","urlTemplate":"https:\/\/ecominga.org\/?s={search_term_string}"},"query-input":{"@type":"PropertyValueSpecification","valueRequired":true,"valueName":"search_term_string"}}],"inLanguage":"en-US"},{"@type":"Organization","@id":"https:\/\/ecominga.org\/#organization","name":"EcoMinga Foundation","url":"https:\/\/ecominga.org\/","logo":{"@type":"ImageObject","inLanguage":"en-US","@id":"https:\/\/ecominga.org\/#\/schema\/logo\/image\/","url":"https:\/\/ecominga.org\/wp-content\/uploads\/2023\/05\/logo-de-ecominga_SIN-BLANCO.png","contentUrl":"https:\/\/ecominga.org\/wp-content\/uploads\/2023\/05\/logo-de-ecominga_SIN-BLANCO.png","width":322,"height":101,"caption":"Fundaci\u00f3n EcoMinga"},"image":{"@id":"https:\/\/ecominga.org\/#\/schema\/logo\/image\/"},"sameAs":["https:\/\/www.facebook.com\/ecominga"]}]}},"_links":{"self":[{"href":"https:\/\/ecominga.org\/en\/wp-json\/wp\/v2\/pages\/152"}],"collection":[{"href":"https:\/\/ecominga.org\/en\/wp-json\/wp\/v2\/pages"}],"about":[{"href":"https:\/\/ecominga.org\/en\/wp-json\/wp\/v2\/types\/page"}],"author":[{"embeddable":true,"href":"https:\/\/ecominga.org\/en\/wp-json\/wp\/v2\/users\/1"}],"replies":[{"embeddable":true,"href":"https:\/\/ecominga.org\/en\/wp-json\/wp\/v2\/comments?post=152"}],"version-history":[{"count":56,"href":"https:\/\/ecominga.org\/en\/wp-json\/wp\/v2\/pages\/152\/revisions"}],"predecessor-version":[{"id":6300,"href":"https:\/\/ecominga.org\/en\/wp-json\/wp\/v2\/pages\/152\/revisions\/6300"}],"wp:attachment":[{"href":"https:\/\/ecominga.org\/en\/wp-json\/wp\/v2\/media?parent=152"}],"curies":[{"name":"wp","href":"https:\/\/api.w.org\/{rel}","templated":true}]}}