{"id":2504,"date":"2024-07-02T15:10:46","date_gmt":"2024-07-02T20:10:46","guid":{"rendered":"https:\/\/ecominga.org\/?page_id=2504"},"modified":"2024-08-28T11:49:29","modified_gmt":"2024-08-28T16:49:29","slug":"proyecto-de-carbono","status":"publish","type":"page","link":"https:\/\/ecominga.org\/en\/proyecto-de-carbono\/","title":{"rendered":"Carbon project"},"content":{"rendered":"<div data-elementor-type=\"wp-page\" data-elementor-id=\"2504\" class=\"elementor elementor-2504\" data-elementor-post-type=\"page\">\n\t\t\t\t\t\t<section class=\"elementor-section elementor-top-section elementor-element elementor-element-5e77463f elementor-reverse-tablet elementor-reverse-mobile elementor-section-boxed elementor-section-height-default elementor-section-height-default\" data-id=\"5e77463f\" data-element_type=\"section\" data-settings=\"{&quot;background_background&quot;:&quot;classic&quot;}\">\n\t\t\t\t\t\t\t<div class=\"elementor-background-overlay\"><\/div>\n\t\t\t\t\t\t\t<div class=\"elementor-container elementor-column-gap-default\">\n\t\t\t\t\t<div class=\"elementor-column elementor-col-100 elementor-top-column elementor-element elementor-element-24e39cb2\" data-id=\"24e39cb2\" data-element_type=\"column\">\n\t\t\t<div class=\"elementor-widget-wrap elementor-element-populated\">\n\t\t\t\t\t\t<div class=\"elementor-element elementor-element-79fcca44 elementor-widget elementor-widget-heading\" data-id=\"79fcca44\" data-element_type=\"widget\" data-widget_type=\"heading.default\">\n\t\t\t\t<div class=\"elementor-widget-container\">\n\t\t\t\t\t<h1 class=\"elementor-heading-title elementor-size-default\">Carbon Project <\/h1>\t\t\t\t<\/div>\n\t\t\t\t<\/div>\n\t\t\t\t\t<\/div>\n\t\t<\/div>\n\t\t\t\t\t<\/div>\n\t\t<\/section>\n\t\t\t\t<section class=\"elementor-section elementor-top-section elementor-element elementor-element-60082b37 elementor-section-boxed elementor-section-height-default elementor-section-height-default\" data-id=\"60082b37\" data-element_type=\"section\">\n\t\t\t\t\t\t<div class=\"elementor-container elementor-column-gap-default\">\n\t\t\t\t\t<div class=\"elementor-column elementor-col-100 elementor-top-column elementor-element elementor-element-2304de8f\" data-id=\"2304de8f\" data-element_type=\"column\">\n\t\t\t<div class=\"elementor-widget-wrap elementor-element-populated\">\n\t\t\t\t\t\t<div class=\"elementor-element elementor-element-3aca7cf elementor-widget elementor-widget-text-editor\" data-id=\"3aca7cf\" data-element_type=\"widget\" data-widget_type=\"text-editor.default\">\n\t\t\t\t<div class=\"elementor-widget-container\">\n\t\t\t\t\t\t\t\t\t<p>The Fundaci\u00f3n EcoMinga has approximately 12,000 ha of primary forests and areas of reforestation, which store large amounts of CO<sub>2<\/sub>. As part of its strategy against the fight of climate change and the conservation of cloud forests and their flora and fauna species, EcoMinga is working on the approach of a project of carbon and biodiversity. This is so we invite companies interested in offsetting their GHG emissions is inevitable, and to contribute to the protection of biodiversity, to get in contact with us.<\/p><p>EcoMinga is in the process of obtaining international certifications to support this process, with the goal of achieving the greatest possible impact to mitigate climate change, conserve biodiversity, and the creation of sources of local employment.<\/p>\t\t\t\t\t\t\t\t<\/div>\n\t\t\t\t<\/div>\n\t\t\t\t\t<\/div>\n\t\t<\/div>\n\t\t\t\t\t<\/div>\n\t\t<\/section>\n\t\t<div class=\"elementor-element elementor-element-649e365 e-flex e-con-boxed e-con e-parent\" data-id=\"649e365\" data-element_type=\"container\">\n\t\t\t\t\t<div class=\"e-con-inner\">\n\t\t<div class=\"elementor-element elementor-element-c3a639c e-con-full e-flex e-con e-child\" data-id=\"c3a639c\" data-element_type=\"container\">\n\t\t\t\t<div class=\"elementor-element elementor-element-f50c492 elementor-widget elementor-widget-image\" data-id=\"f50c492\" data-element_type=\"widget\" data-widget_type=\"image.default\">\n\t\t\t\t<div class=\"elementor-widget-container\">\n\t\t\t\t\t\t\t\t\t\t\t\t\t\t\t<img fetchpriority=\"high\" decoding=\"async\" width=\"800\" height=\"599\" src=\"https:\/\/ecominga.org\/wp-content\/uploads\/2024\/08\/2310-LimonsoskiExpedition-DJIMavic3-STILLS\u2013\u00a9-Callie-Broaddus-0179-1-1024x767.jpg\" class=\"attachment-large size-large wp-image-4819\" alt=\"\" srcset=\"https:\/\/ecominga.org\/wp-content\/uploads\/2024\/08\/2310-LimonsoskiExpedition-DJIMavic3-STILLS\u2013\u00a9-Callie-Broaddus-0179-1-1024x767.jpg 1024w, https:\/\/ecominga.org\/wp-content\/uploads\/2024\/08\/2310-LimonsoskiExpedition-DJIMavic3-STILLS\u2013\u00a9-Callie-Broaddus-0179-1-300x225.jpg 300w, https:\/\/ecominga.org\/wp-content\/uploads\/2024\/08\/2310-LimonsoskiExpedition-DJIMavic3-STILLS\u2013\u00a9-Callie-Broaddus-0179-1-768x575.jpg 768w, https:\/\/ecominga.org\/wp-content\/uploads\/2024\/08\/2310-LimonsoskiExpedition-DJIMavic3-STILLS\u2013\u00a9-Callie-Broaddus-0179-1-1536x1150.jpg 1536w, https:\/\/ecominga.org\/wp-content\/uploads\/2024\/08\/2310-LimonsoskiExpedition-DJIMavic3-STILLS\u2013\u00a9-Callie-Broaddus-0179-1-2048x1534.jpg 2048w, https:\/\/ecominga.org\/wp-content\/uploads\/2024\/08\/2310-LimonsoskiExpedition-DJIMavic3-STILLS\u2013\u00a9-Callie-Broaddus-0179-1-16x12.jpg 16w\" sizes=\"(max-width: 800px) 100vw, 800px\" \/>\t\t\t\t\t\t\t\t\t\t\t\t\t\t\t<\/div>\n\t\t\t\t<\/div>\n\t\t\t\t<\/div>\n\t\t<div class=\"elementor-element elementor-element-2054980 e-con-full e-flex e-con e-child\" data-id=\"2054980\" data-element_type=\"container\">\n\t\t\t\t<div class=\"elementor-element elementor-element-46bdf62 elementor-widget elementor-widget-image\" data-id=\"46bdf62\" data-element_type=\"widget\" data-widget_type=\"image.default\">\n\t\t\t\t<div class=\"elementor-widget-container\">\n\t\t\t\t\t\t\t\t\t\t\t\t\t\t\t<img decoding=\"async\" width=\"800\" height=\"534\" src=\"https:\/\/ecominga.org\/wp-content\/uploads\/2024\/08\/IMG_1743-1-1024x683.jpg\" class=\"attachment-large size-large wp-image-4821\" alt=\"\" srcset=\"https:\/\/ecominga.org\/wp-content\/uploads\/2024\/08\/IMG_1743-1-1024x683.jpg 1024w, https:\/\/ecominga.org\/wp-content\/uploads\/2024\/08\/IMG_1743-1-300x200.jpg 300w, https:\/\/ecominga.org\/wp-content\/uploads\/2024\/08\/IMG_1743-1-768x512.jpg 768w, https:\/\/ecominga.org\/wp-content\/uploads\/2024\/08\/IMG_1743-1-1536x1024.jpg 1536w, https:\/\/ecominga.org\/wp-content\/uploads\/2024\/08\/IMG_1743-1-2048x1365.jpg 2048w, https:\/\/ecominga.org\/wp-content\/uploads\/2024\/08\/IMG_1743-1-18x12.jpg 18w\" sizes=\"(max-width: 800px) 100vw, 800px\" \/>\t\t\t\t\t\t\t\t\t\t\t\t\t\t\t<\/div>\n\t\t\t\t<\/div>\n\t\t\t\t<\/div>\n\t\t\t\t\t<\/div>\n\t\t\t\t<\/div>\n\t\t\t\t<\/div>","protected":false},"excerpt":{"rendered":"<p>Proyecto De Carbono La Fundaci\u00f3n EcoMinga cuenta con aproximadamente 12,000 ha de bosques primarios y zonas de reforestaci\u00f3n que almacenan grandes cantidades de CO2. Como parte de su estrategia contra la lucha del cambio clim\u00e1tico y la conservaci\u00f3n de los bosques nublados y sus especies de flora y fauna, EcoMinga est\u00e1 trabajando en el planteamiento [&hellip;]<\/p>","protected":false},"author":1,"featured_media":0,"parent":0,"menu_order":0,"comment_status":"closed","ping_status":"closed","template":"elementor_header_footer","meta":{"footnotes":""},"class_list":["post-2504","page","type-page","status-publish","hentry"],"yoast_head":"<!-- This site is optimized with the Yoast SEO plugin v23.4 - https:\/\/yoast.com\/wordpress\/plugins\/seo\/ -->\n<title>Proyecto de Carbono -<\/title>\n<meta name=\"robots\" content=\"index, follow, max-snippet:-1, max-image-preview:large, max-video-preview:-1\" \/>\n<link rel=\"canonical\" href=\"https:\/\/ecominga.org\/en\/proyecto-de-carbono\/\" \/>\n<meta property=\"og:locale\" content=\"en_US\" \/>\n<meta property=\"og:type\" content=\"article\" \/>\n<meta property=\"og:title\" content=\"Proyecto de Carbono -\" \/>\n<meta property=\"og:description\" content=\"Proyecto De Carbono La Fundaci\u00f3n EcoMinga cuenta con aproximadamente 12,000 ha de bosques primarios y zonas de reforestaci\u00f3n que almacenan grandes cantidades de CO2. Como parte de su estrategia contra la lucha del cambio clim\u00e1tico y la conservaci\u00f3n de los bosques nublados y sus especies de flora y fauna, EcoMinga est\u00e1 trabajando en el planteamiento [&hellip;]\" \/>\n<meta property=\"og:url\" content=\"https:\/\/ecominga.org\/en\/proyecto-de-carbono\/\" \/>\n<meta property=\"article:publisher\" content=\"https:\/\/www.facebook.com\/ecominga\" \/>\n<meta property=\"article:modified_time\" content=\"2024-08-28T16:49:29+00:00\" \/>\n<meta property=\"og:image\" content=\"https:\/\/ecominga.org\/wp-content\/uploads\/2024\/08\/IMG_1743-1-1024x683.jpg\" \/>\n<meta name=\"twitter:card\" content=\"summary_large_image\" \/>\n<meta name=\"twitter:label1\" content=\"Est. reading time\" \/>\n\t<meta name=\"twitter:data1\" content=\"2 minutes\" \/>\n<script type=\"application\/ld+json\" class=\"yoast-schema-graph\">{\"@context\":\"https:\/\/schema.org\",\"@graph\":[{\"@type\":\"WebPage\",\"@id\":\"https:\/\/ecominga.org\/proyecto-de-carbono\/\",\"url\":\"https:\/\/ecominga.org\/proyecto-de-carbono\/\",\"name\":\"Proyecto de Carbono -\",\"isPartOf\":{\"@id\":\"https:\/\/ecominga.org\/#website\"},\"primaryImageOfPage\":{\"@id\":\"https:\/\/ecominga.org\/proyecto-de-carbono\/#primaryimage\"},\"image\":{\"@id\":\"https:\/\/ecominga.org\/proyecto-de-carbono\/#primaryimage\"},\"thumbnailUrl\":\"https:\/\/ecominga.org\/wp-content\/uploads\/2024\/08\/IMG_1743-1-1024x683.jpg\",\"datePublished\":\"2024-07-02T20:10:46+00:00\",\"dateModified\":\"2024-08-28T16:49:29+00:00\",\"breadcrumb\":{\"@id\":\"https:\/\/ecominga.org\/proyecto-de-carbono\/#breadcrumb\"},\"inLanguage\":\"en-US\",\"potentialAction\":[{\"@type\":\"ReadAction\",\"target\":[\"https:\/\/ecominga.org\/proyecto-de-carbono\/\"]}]},{\"@type\":\"ImageObject\",\"inLanguage\":\"en-US\",\"@id\":\"https:\/\/ecominga.org\/proyecto-de-carbono\/#primaryimage\",\"url\":\"https:\/\/ecominga.org\/wp-content\/uploads\/2024\/08\/IMG_1743-1-1024x683.jpg\",\"contentUrl\":\"https:\/\/ecominga.org\/wp-content\/uploads\/2024\/08\/IMG_1743-1-1024x683.jpg\"},{\"@type\":\"BreadcrumbList\",\"@id\":\"https:\/\/ecominga.org\/proyecto-de-carbono\/#breadcrumb\",\"itemListElement\":[{\"@type\":\"ListItem\",\"position\":1,\"name\":\"Portada\",\"item\":\"https:\/\/ecominga.org\/\"},{\"@type\":\"ListItem\",\"position\":2,\"name\":\"Proyecto de Carbono\"}]},{\"@type\":\"WebSite\",\"@id\":\"https:\/\/ecominga.org\/#website\",\"url\":\"https:\/\/ecominga.org\/\",\"name\":\"Ecominga\",\"description\":\"Fundaci\u00f3n\",\"publisher\":{\"@id\":\"https:\/\/ecominga.org\/#organization\"},\"alternateName\":\"Fundaci\u00f3n Ecominga\",\"potentialAction\":[{\"@type\":\"SearchAction\",\"target\":{\"@type\":\"EntryPoint\",\"urlTemplate\":\"https:\/\/ecominga.org\/?s={search_term_string}\"},\"query-input\":{\"@type\":\"PropertyValueSpecification\",\"valueRequired\":true,\"valueName\":\"search_term_string\"}}],\"inLanguage\":\"en-US\"},{\"@type\":\"Organization\",\"@id\":\"https:\/\/ecominga.org\/#organization\",\"name\":\"Fundaci\u00f3n EcoMinga\",\"url\":\"https:\/\/ecominga.org\/\",\"logo\":{\"@type\":\"ImageObject\",\"inLanguage\":\"en-US\",\"@id\":\"https:\/\/ecominga.org\/#\/schema\/logo\/image\/\",\"url\":\"https:\/\/ecominga.org\/wp-content\/uploads\/2023\/05\/logo-de-ecominga_SIN-BLANCO.png\",\"contentUrl\":\"https:\/\/ecominga.org\/wp-content\/uploads\/2023\/05\/logo-de-ecominga_SIN-BLANCO.png\",\"width\":322,\"height\":101,\"caption\":\"Fundaci\u00f3n EcoMinga\"},\"image\":{\"@id\":\"https:\/\/ecominga.org\/#\/schema\/logo\/image\/\"},\"sameAs\":[\"https:\/\/www.facebook.com\/ecominga\"]}]}<\/script>\n<!-- \/ Yoast SEO plugin. -->","yoast_head_json":{"title":"Proyecto de Carbono -","robots":{"index":"index","follow":"follow","max-snippet":"max-snippet:-1","max-image-preview":"max-image-preview:large","max-video-preview":"max-video-preview:-1"},"canonical":"https:\/\/ecominga.org\/en\/proyecto-de-carbono\/","og_locale":"en_US","og_type":"article","og_title":"Proyecto de Carbono -","og_description":"Proyecto De Carbono La Fundaci\u00f3n EcoMinga cuenta con aproximadamente 12,000 ha de bosques primarios y zonas de reforestaci\u00f3n que almacenan grandes cantidades de CO2. Como parte de su estrategia contra la lucha del cambio clim\u00e1tico y la conservaci\u00f3n de los bosques nublados y sus especies de flora y fauna, EcoMinga est\u00e1 trabajando en el planteamiento [&hellip;]","og_url":"https:\/\/ecominga.org\/en\/proyecto-de-carbono\/","article_publisher":"https:\/\/www.facebook.com\/ecominga","article_modified_time":"2024-08-28T16:49:29+00:00","og_image":[{"url":"https:\/\/ecominga.org\/wp-content\/uploads\/2024\/08\/IMG_1743-1-1024x683.jpg"}],"twitter_card":"summary_large_image","twitter_misc":{"Est. reading time":"2 minutes"},"schema":{"@context":"https:\/\/schema.org","@graph":[{"@type":"WebPage","@id":"https:\/\/ecominga.org\/proyecto-de-carbono\/","url":"https:\/\/ecominga.org\/proyecto-de-carbono\/","name":"Proyecto de Carbono -","isPartOf":{"@id":"https:\/\/ecominga.org\/#website"},"primaryImageOfPage":{"@id":"https:\/\/ecominga.org\/proyecto-de-carbono\/#primaryimage"},"image":{"@id":"https:\/\/ecominga.org\/proyecto-de-carbono\/#primaryimage"},"thumbnailUrl":"https:\/\/ecominga.org\/wp-content\/uploads\/2024\/08\/IMG_1743-1-1024x683.jpg","datePublished":"2024-07-02T20:10:46+00:00","dateModified":"2024-08-28T16:49:29+00:00","breadcrumb":{"@id":"https:\/\/ecominga.org\/proyecto-de-carbono\/#breadcrumb"},"inLanguage":"en-US","potentialAction":[{"@type":"ReadAction","target":["https:\/\/ecominga.org\/proyecto-de-carbono\/"]}]},{"@type":"ImageObject","inLanguage":"en-US","@id":"https:\/\/ecominga.org\/proyecto-de-carbono\/#primaryimage","url":"https:\/\/ecominga.org\/wp-content\/uploads\/2024\/08\/IMG_1743-1-1024x683.jpg","contentUrl":"https:\/\/ecominga.org\/wp-content\/uploads\/2024\/08\/IMG_1743-1-1024x683.jpg"},{"@type":"BreadcrumbList","@id":"https:\/\/ecominga.org\/proyecto-de-carbono\/#breadcrumb","itemListElement":[{"@type":"ListItem","position":1,"name":"Portada","item":"https:\/\/ecominga.org\/"},{"@type":"ListItem","position":2,"name":"Proyecto de Carbono"}]},{"@type":"WebSite","@id":"https:\/\/ecominga.org\/#website","url":"https:\/\/ecominga.org\/","name":"Ecominga","description":"Fundaci\u00f3n","publisher":{"@id":"https:\/\/ecominga.org\/#organization"},"alternateName":"Fundaci\u00f3n Ecominga","potentialAction":[{"@type":"SearchAction","target":{"@type":"EntryPoint","urlTemplate":"https:\/\/ecominga.org\/?s={search_term_string}"},"query-input":{"@type":"PropertyValueSpecification","valueRequired":true,"valueName":"search_term_string"}}],"inLanguage":"en-US"},{"@type":"Organization","@id":"https:\/\/ecominga.org\/#organization","name":"EcoMinga Foundation","url":"https:\/\/ecominga.org\/","logo":{"@type":"ImageObject","inLanguage":"en-US","@id":"https:\/\/ecominga.org\/#\/schema\/logo\/image\/","url":"https:\/\/ecominga.org\/wp-content\/uploads\/2023\/05\/logo-de-ecominga_SIN-BLANCO.png","contentUrl":"https:\/\/ecominga.org\/wp-content\/uploads\/2023\/05\/logo-de-ecominga_SIN-BLANCO.png","width":322,"height":101,"caption":"Fundaci\u00f3n EcoMinga"},"image":{"@id":"https:\/\/ecominga.org\/#\/schema\/logo\/image\/"},"sameAs":["https:\/\/www.facebook.com\/ecominga"]}]}},"_links":{"self":[{"href":"https:\/\/ecominga.org\/en\/wp-json\/wp\/v2\/pages\/2504"}],"collection":[{"href":"https:\/\/ecominga.org\/en\/wp-json\/wp\/v2\/pages"}],"about":[{"href":"https:\/\/ecominga.org\/en\/wp-json\/wp\/v2\/types\/page"}],"author":[{"embeddable":true,"href":"https:\/\/ecominga.org\/en\/wp-json\/wp\/v2\/users\/1"}],"replies":[{"embeddable":true,"href":"https:\/\/ecominga.org\/en\/wp-json\/wp\/v2\/comments?post=2504"}],"version-history":[{"count":24,"href":"https:\/\/ecominga.org\/en\/wp-json\/wp\/v2\/pages\/2504\/revisions"}],"predecessor-version":[{"id":5731,"href":"https:\/\/ecominga.org\/en\/wp-json\/wp\/v2\/pages\/2504\/revisions\/5731"}],"wp:attachment":[{"href":"https:\/\/ecominga.org\/en\/wp-json\/wp\/v2\/media?parent=2504"}],"curies":[{"name":"wp","href":"https:\/\/api.w.org\/{rel}","templated":true}]}}