{"id":4222,"date":"2024-08-01T10:43:59","date_gmt":"2024-08-01T15:43:59","guid":{"rendered":"https:\/\/ecominga.org\/?page_id=4222"},"modified":"2026-02-13T12:36:51","modified_gmt":"2026-02-13T17:36:51","slug":"sugerencias","status":"publish","type":"page","link":"https:\/\/ecominga.org\/en\/sugerencias\/","title":{"rendered":"Suggestions"},"content":{"rendered":"<div data-elementor-type=\"wp-page\" data-elementor-id=\"4222\" class=\"elementor elementor-4222\" data-elementor-post-type=\"page\">\n\t\t\t\t\t\t<section class=\"elementor-section elementor-top-section elementor-element elementor-element-5689832 elementor-section-boxed elementor-section-height-default elementor-section-height-default\" data-id=\"5689832\" data-element_type=\"section\" data-settings=\"{&quot;background_background&quot;:&quot;slideshow&quot;,&quot;background_slideshow_gallery&quot;:[{&quot;id&quot;:6301,&quot;url&quot;:&quot;https:\\\/\\\/ecominga.org\\\/wp-content\\\/uploads\\\/2024\\\/09\\\/quejas.png&quot;}],&quot;background_slideshow_loop&quot;:&quot;yes&quot;,&quot;background_slideshow_slide_duration&quot;:5000,&quot;background_slideshow_slide_transition&quot;:&quot;fade&quot;,&quot;background_slideshow_transition_duration&quot;:500}\">\n\t\t\t\t\t\t<div class=\"elementor-container elementor-column-gap-default\">\n\t\t\t\t\t<div class=\"elementor-column elementor-col-100 elementor-top-column elementor-element elementor-element-2992def\" data-id=\"2992def\" data-element_type=\"column\">\n\t\t\t<div class=\"elementor-widget-wrap elementor-element-populated\">\n\t\t\t\t\t\t<div class=\"elementor-element elementor-element-e621528 elementor-widget elementor-widget-heading\" data-id=\"e621528\" data-element_type=\"widget\" data-widget_type=\"heading.default\">\n\t\t\t\t<div class=\"elementor-widget-container\">\n\t\t\t\t\t<h2 class=\"elementor-heading-title elementor-size-default\">Complaints<\/h2>\t\t\t\t<\/div>\n\t\t\t\t<\/div>\n\t\t\t\t\t<\/div>\n\t\t<\/div>\n\t\t\t\t\t<\/div>\n\t\t<\/section>\n\t\t\t\t<section class=\"elementor-section elementor-top-section elementor-element elementor-element-57bb3b0 elementor-section-boxed elementor-section-height-default elementor-section-height-default\" data-id=\"57bb3b0\" data-element_type=\"section\">\n\t\t\t\t\t\t<div class=\"elementor-container elementor-column-gap-default\">\n\t\t\t\t\t<div class=\"elementor-column elementor-col-100 elementor-top-column elementor-element elementor-element-95da3e7\" data-id=\"95da3e7\" data-element_type=\"column\">\n\t\t\t<div class=\"elementor-widget-wrap elementor-element-populated\">\n\t\t\t\t\t\t<div class=\"elementor-element elementor-element-6f1a24e elementor-widget elementor-widget-heading\" data-id=\"6f1a24e\" data-element_type=\"widget\" data-widget_type=\"heading.default\">\n\t\t\t\t<div class=\"elementor-widget-container\">\n\t\t\t\t\t<h5 class=\"elementor-heading-title elementor-size-default\">Thank you for visiting our website! \nYour feedback is crucial to improve our initiatives for the conservation and management of protected areas.<\/h5>\t\t\t\t<\/div>\n\t\t\t\t<\/div>\n\t\t\t\t\t<\/div>\n\t\t<\/div>\n\t\t\t\t\t<\/div>\n\t\t<\/section>\n\t\t\t\t<section class=\"elementor-section elementor-top-section elementor-element elementor-element-321d8bd elementor-section-boxed elementor-section-height-default elementor-section-height-default\" data-id=\"321d8bd\" data-element_type=\"section\">\n\t\t\t\t\t\t<div class=\"elementor-container elementor-column-gap-default\">\n\t\t\t\t\t<div class=\"elementor-column elementor-col-100 elementor-top-column elementor-element elementor-element-9d789f8\" data-id=\"9d789f8\" data-element_type=\"column\">\n\t\t\t<div class=\"elementor-widget-wrap elementor-element-populated\">\n\t\t\t\t\t\t<div class=\"elementor-element elementor-element-0b9925b elementor-widget elementor-widget-text-editor\" data-id=\"0b9925b\" data-element_type=\"widget\" data-widget_type=\"text-editor.default\">\n\t\t\t\t<div class=\"elementor-widget-container\">\n\t\t\t\t\t\t\t\t\t<p>In this section, we invite you to share your remarks and suggestions, since each idea has to continue moving forward in our mission to protect biodiversity and preserve natural habitats. Complete the form below and help us build a future that is more sustainable and green. Let your voice makes the difference!<\/p>\t\t\t\t\t\t\t\t<\/div>\n\t\t\t\t<\/div>\n\t\t\t\t<div class=\"elementor-element elementor-element-4b0f126 elementor-widget elementor-widget-spacer\" data-id=\"4b0f126\" data-element_type=\"widget\" data-widget_type=\"spacer.default\">\n\t\t\t\t<div class=\"elementor-widget-container\">\n\t\t\t\t\t\t\t<div class=\"elementor-spacer\">\n\t\t\t<div class=\"elementor-spacer-inner\"><\/div>\n\t\t<\/div>\n\t\t\t\t\t\t<\/div>\n\t\t\t\t<\/div>\n\t\t\t\t<section class=\"elementor-section elementor-inner-section elementor-element elementor-element-13f83ff elementor-section-boxed elementor-section-height-default elementor-section-height-default\" data-id=\"13f83ff\" data-element_type=\"section\">\n\t\t\t\t\t\t<div class=\"elementor-container elementor-column-gap-default\">\n\t\t\t\t\t<div class=\"elementor-column elementor-col-50 elementor-inner-column elementor-element elementor-element-db79d97\" data-id=\"db79d97\" data-element_type=\"column\">\n\t\t\t<div class=\"elementor-widget-wrap elementor-element-populated\">\n\t\t\t\t\t\t<div class=\"elementor-element elementor-element-0623d18 elementor-widget elementor-widget-heading\" data-id=\"0623d18\" data-element_type=\"widget\" data-widget_type=\"heading.default\">\n\t\t\t\t<div class=\"elementor-widget-container\">\n\t\t\t\t\t<h5 class=\"elementor-heading-title elementor-size-default\">Form<\/h5>\t\t\t\t<\/div>\n\t\t\t\t<\/div>\n\t\t\t\t<div class=\"elementor-element elementor-element-d447936 elementor-widget elementor-widget-text-editor\" data-id=\"d447936\" data-element_type=\"widget\" data-widget_type=\"text-editor.default\">\n\t\t\t\t<div class=\"elementor-widget-container\">\n\t\t\t\t\t\t\t\t\t<p>Complete the form below and help us build a future that is more sustainable and green. Let your voice makes the difference!<\/p>\t\t\t\t\t\t\t\t<\/div>\n\t\t\t\t<\/div>\n\t\t\t\t\t<\/div>\n\t\t<\/div>\n\t\t\t\t<div class=\"elementor-column elementor-col-50 elementor-inner-column elementor-element elementor-element-f43e104\" data-id=\"f43e104\" data-element_type=\"column\">\n\t\t\t<div class=\"elementor-widget-wrap elementor-element-populated\">\n\t\t\t\t\t\t<div class=\"elementor-element elementor-element-e901e76 elementor-button-align-stretch elementor-widget elementor-widget-form\" data-id=\"e901e76\" data-element_type=\"widget\" data-settings=\"{&quot;step_next_label&quot;:&quot;Next&quot;,&quot;step_previous_label&quot;:&quot;Previous&quot;,&quot;button_width&quot;:&quot;100&quot;,&quot;step_type&quot;:&quot;number_text&quot;,&quot;step_icon_shape&quot;:&quot;circle&quot;}\" data-widget_type=\"form.default\">\n\t\t\t\t<div class=\"elementor-widget-container\">\n\t\t\t\t\t\t\t<form class=\"elementor-form\" method=\"post\" name=\"Formulario de Quejas\" action=\"\">\n\t\t\t<input type=\"hidden\" name=\"post_id\" value=\"4222\"\/>\n\t\t\t<input type=\"hidden\" name=\"form_id\" value=\"e901e76\"\/>\n\t\t\t<input type=\"hidden\" name=\"referer_title\" value=\"Sugerencias -\" \/>\n\n\t\t\t\t\t\t\t<input type=\"hidden\" name=\"queried_id\" value=\"4222\"\/>\n\t\t\t\n\t\t\t<div class=\"elementor-form-fields-wrapper elementor-labels-above\">\n\t\t\t\t\t\t\t\t<div class=\"elementor-field-type-text elementor-field-group elementor-column elementor-field-group-name elementor-col-100\">\n\t\t\t\t\t\t\t\t\t\t\t\t<label for=\"form-field-name\" class=\"elementor-field-label\">\n\t\t\t\t\t\t\t\tName\t\t\t\t\t\t\t<\/label>\n\t\t\t\t\t\t\t\t\t\t\t\t\t\t<input size=\"1\" type=\"text\" name=\"form_fields[name]\" id=\"form-field-name\" class=\"elementor-field elementor-size-sm  elementor-field-textual\" placeholder=\"Enter your name\">\n\t\t\t\t\t\t\t\t\t\t\t<\/div>\n\t\t\t\t\t\t\t\t<div class=\"elementor-field-type-text elementor-field-group elementor-column elementor-field-group-field_e9d6066 elementor-col-100\">\n\t\t\t\t\t\t\t\t\t\t\t\t<label for=\"form-field-field_e9d6066\" class=\"elementor-field-label\">\n\t\t\t\t\t\t\t\tLast name\t\t\t\t\t\t\t<\/label>\n\t\t\t\t\t\t\t\t\t\t\t\t\t\t<input size=\"1\" type=\"text\" name=\"form_fields[field_e9d6066]\" id=\"form-field-field_e9d6066\" class=\"elementor-field elementor-size-sm  elementor-field-textual\" placeholder=\"Enter your last name\">\n\t\t\t\t\t\t\t\t\t\t\t<\/div>\n\t\t\t\t\t\t\t\t<div class=\"elementor-field-type-email elementor-field-group elementor-column elementor-field-group-email elementor-col-100 elementor-field-required elementor-mark-required\">\n\t\t\t\t\t\t\t\t\t\t\t\t<label for=\"form-field-email\" class=\"elementor-field-label\">\n\t\t\t\t\t\t\t\tEmail\t\t\t\t\t\t\t<\/label>\n\t\t\t\t\t\t\t\t\t\t\t\t\t\t<input size=\"1\" type=\"email\" name=\"form_fields[email]\" id=\"form-field-email\" class=\"elementor-field elementor-size-sm  elementor-field-textual\" placeholder=\"Example: user@website.com\" required=\"required\" aria-required=\"true\">\n\t\t\t\t\t\t\t\t\t\t\t<\/div>\n\t\t\t\t\t\t\t\t<div class=\"elementor-field-type-text elementor-field-group elementor-column elementor-field-group-field_74bcb31 elementor-col-100\">\n\t\t\t\t\t\t\t\t\t\t\t\t<label for=\"form-field-field_74bcb31\" class=\"elementor-field-label\">\n\t\t\t\t\t\t\t\tComplaint\t\t\t\t\t\t\t<\/label>\n\t\t\t\t\t\t\t\t\t\t\t\t\t\t<input size=\"1\" type=\"text\" name=\"form_fields[field_74bcb31]\" id=\"form-field-field_74bcb31\" class=\"elementor-field elementor-size-sm  elementor-field-textual\" placeholder=\"Write here your complaint\">\n\t\t\t\t\t\t\t\t\t\t\t<\/div>\n\t\t\t\t\t\t\t\t<div class=\"elementor-field-group elementor-column elementor-field-type-submit elementor-col-100 e-form__buttons\">\n\t\t\t\t\t<button class=\"elementor-button elementor-size-sm\" type=\"submit\">\n\t\t\t\t\t\t<span class=\"elementor-button-content-wrapper\">\n\t\t\t\t\t\t\t\t\t\t\t\t\t\t\t\t\t\t\t\t\t\t<span class=\"elementor-button-text\">Send<\/span>\n\t\t\t\t\t\t\t\t\t\t\t\t\t<\/span>\n\t\t\t\t\t<\/button>\n\t\t\t\t<\/div>\n\t\t\t<\/div>\n\t\t<input type=\"hidden\" name=\"trp-form-language\" value=\"en\"\/><\/form>\n\t\t\t\t\t\t<\/div>\n\t\t\t\t<\/div>\n\t\t\t\t\t<\/div>\n\t\t<\/div>\n\t\t\t\t\t<\/div>\n\t\t<\/section>\n\t\t\t\t<div class=\"elementor-element elementor-element-d446e64 elementor-widget elementor-widget-spacer\" data-id=\"d446e64\" data-element_type=\"widget\" data-widget_type=\"spacer.default\">\n\t\t\t\t<div class=\"elementor-widget-container\">\n\t\t\t\t\t\t\t<div class=\"elementor-spacer\">\n\t\t\t<div class=\"elementor-spacer-inner\"><\/div>\n\t\t<\/div>\n\t\t\t\t\t\t<\/div>\n\t\t\t\t<\/div>\n\t\t\t\t<div class=\"elementor-element elementor-element-5873ef3 elementor-widget-divider--view-line elementor-widget elementor-widget-global elementor-global-2451 elementor-widget-divider\" data-id=\"5873ef3\" data-element_type=\"widget\" data-widget_type=\"divider.default\">\n\t\t\t\t<div class=\"elementor-widget-container\">\n\t\t\t\t\t\t\t<div class=\"elementor-divider\">\n\t\t\t<span class=\"elementor-divider-separator\">\n\t\t\t\t\t\t<\/span>\n\t\t<\/div>\n\t\t\t\t\t\t<\/div>\n\t\t\t\t<\/div>\n\t\t\t\t\t<\/div>\n\t\t<\/div>\n\t\t\t\t\t<\/div>\n\t\t<\/section>\n\t\t\t\t<section class=\"elementor-section elementor-top-section elementor-element elementor-element-9c982d3 elementor-section-boxed elementor-section-height-default elementor-section-height-default\" data-id=\"9c982d3\" data-element_type=\"section\">\n\t\t\t\t\t\t<div class=\"elementor-container elementor-column-gap-default\">\n\t\t\t\t\t<div class=\"elementor-column elementor-col-100 elementor-top-column elementor-element elementor-element-608b659\" data-id=\"608b659\" data-element_type=\"column\">\n\t\t\t<div class=\"elementor-widget-wrap elementor-element-populated\">\n\t\t\t\t\t\t<div class=\"elementor-element elementor-element-853d329 elementor-widget elementor-widget-spacer\" data-id=\"853d329\" data-element_type=\"widget\" data-widget_type=\"spacer.default\">\n\t\t\t\t<div class=\"elementor-widget-container\">\n\t\t\t\t\t\t\t<div class=\"elementor-spacer\">\n\t\t\t<div class=\"elementor-spacer-inner\"><\/div>\n\t\t<\/div>\n\t\t\t\t\t\t<\/div>\n\t\t\t\t<\/div>\n\t\t\t\t\t<\/div>\n\t\t<\/div>\n\t\t\t\t\t<\/div>\n\t\t<\/section>\n\t\t\t\t<section class=\"elementor-section elementor-top-section elementor-element elementor-element-25b0f3d elementor-section-boxed elementor-section-height-default elementor-section-height-default\" data-id=\"25b0f3d\" data-element_type=\"section\">\n\t\t\t\t\t\t<div class=\"elementor-container elementor-column-gap-default\">\n\t\t\t\t\t<div class=\"elementor-column elementor-col-100 elementor-top-column elementor-element elementor-element-f65da61\" data-id=\"f65da61\" data-element_type=\"column\">\n\t\t\t<div class=\"elementor-widget-wrap\">\n\t\t\t\t\t\t\t<\/div>\n\t\t<\/div>\n\t\t\t\t\t<\/div>\n\t\t<\/section>\n\t\t\t\t<\/div>","protected":false},"excerpt":{"rendered":"<p>Quejas \u00a1Gracias por visitar nuestro sitio web! Tu opini\u00f3n es fundamental para mejorar nuestras iniciativas de conservaci\u00f3n y la gesti\u00f3n de \u00e1reas protegidas. En esta secci\u00f3n, te invitamos a compartir tus sugerencias y comentarios, ya que cada idea cuenta para seguir avanzando en nuestra misi\u00f3n de proteger la biodiversidad y preservar los h\u00e1bitats naturales. Completa [&hellip;]<\/p>","protected":false},"author":1,"featured_media":88,"parent":0,"menu_order":0,"comment_status":"closed","ping_status":"closed","template":"","meta":{"footnotes":""},"class_list":["post-4222","page","type-page","status-publish","has-post-thumbnail","hentry"],"yoast_head":"<!-- This site is optimized with the Yoast SEO plugin v23.4 - https:\/\/yoast.com\/wordpress\/plugins\/seo\/ -->\n<title>Sugerencias -<\/title>\n<meta name=\"robots\" content=\"index, follow, max-snippet:-1, max-image-preview:large, max-video-preview:-1\" \/>\n<link rel=\"canonical\" href=\"https:\/\/ecominga.org\/en\/sugerencias\/\" \/>\n<meta property=\"og:locale\" content=\"en_US\" \/>\n<meta property=\"og:type\" content=\"article\" \/>\n<meta property=\"og:title\" content=\"Sugerencias -\" \/>\n<meta property=\"og:description\" content=\"Quejas \u00a1Gracias por visitar nuestro sitio web! Tu opini\u00f3n es fundamental para mejorar nuestras iniciativas de conservaci\u00f3n y la gesti\u00f3n de \u00e1reas protegidas. En esta secci\u00f3n, te invitamos a compartir tus sugerencias y comentarios, ya que cada idea cuenta para seguir avanzando en nuestra misi\u00f3n de proteger la biodiversidad y preservar los h\u00e1bitats naturales. Completa [&hellip;]\" \/>\n<meta property=\"og:url\" content=\"https:\/\/ecominga.org\/en\/sugerencias\/\" \/>\n<meta property=\"article:publisher\" content=\"https:\/\/www.facebook.com\/ecominga\" \/>\n<meta property=\"article:modified_time\" content=\"2026-02-13T17:36:51+00:00\" \/>\n<meta property=\"og:image\" content=\"https:\/\/ecominga.org\/wp-content\/uploads\/2023\/05\/wildlife-photographer-with-long-lens-on-camera-in-africa-1.jpg\" \/>\n\t<meta property=\"og:image:width\" content=\"2000\" \/>\n\t<meta property=\"og:image:height\" content=\"1500\" \/>\n\t<meta property=\"og:image:type\" content=\"image\/jpeg\" \/>\n<meta name=\"twitter:card\" content=\"summary_large_image\" \/>\n<meta name=\"twitter:label1\" content=\"Est. reading time\" \/>\n\t<meta name=\"twitter:data1\" content=\"1 minute\" \/>\n<script type=\"application\/ld+json\" class=\"yoast-schema-graph\">{\"@context\":\"https:\/\/schema.org\",\"@graph\":[{\"@type\":\"WebPage\",\"@id\":\"https:\/\/ecominga.org\/sugerencias\/\",\"url\":\"https:\/\/ecominga.org\/sugerencias\/\",\"name\":\"Sugerencias -\",\"isPartOf\":{\"@id\":\"https:\/\/ecominga.org\/#website\"},\"primaryImageOfPage\":{\"@id\":\"https:\/\/ecominga.org\/sugerencias\/#primaryimage\"},\"image\":{\"@id\":\"https:\/\/ecominga.org\/sugerencias\/#primaryimage\"},\"thumbnailUrl\":\"https:\/\/ecominga.org\/wp-content\/uploads\/2023\/05\/wildlife-photographer-with-long-lens-on-camera-in-africa-1.jpg\",\"datePublished\":\"2024-08-01T15:43:59+00:00\",\"dateModified\":\"2026-02-13T17:36:51+00:00\",\"breadcrumb\":{\"@id\":\"https:\/\/ecominga.org\/sugerencias\/#breadcrumb\"},\"inLanguage\":\"en-US\",\"potentialAction\":[{\"@type\":\"ReadAction\",\"target\":[\"https:\/\/ecominga.org\/sugerencias\/\"]}]},{\"@type\":\"ImageObject\",\"inLanguage\":\"en-US\",\"@id\":\"https:\/\/ecominga.org\/sugerencias\/#primaryimage\",\"url\":\"https:\/\/ecominga.org\/wp-content\/uploads\/2023\/05\/wildlife-photographer-with-long-lens-on-camera-in-africa-1.jpg\",\"contentUrl\":\"https:\/\/ecominga.org\/wp-content\/uploads\/2023\/05\/wildlife-photographer-with-long-lens-on-camera-in-africa-1.jpg\",\"width\":2000,\"height\":1500},{\"@type\":\"BreadcrumbList\",\"@id\":\"https:\/\/ecominga.org\/sugerencias\/#breadcrumb\",\"itemListElement\":[{\"@type\":\"ListItem\",\"position\":1,\"name\":\"Portada\",\"item\":\"https:\/\/ecominga.org\/\"},{\"@type\":\"ListItem\",\"position\":2,\"name\":\"Sugerencias\"}]},{\"@type\":\"WebSite\",\"@id\":\"https:\/\/ecominga.org\/#website\",\"url\":\"https:\/\/ecominga.org\/\",\"name\":\"Ecominga\",\"description\":\"Fundaci\u00f3n\",\"publisher\":{\"@id\":\"https:\/\/ecominga.org\/#organization\"},\"alternateName\":\"Fundaci\u00f3n Ecominga\",\"potentialAction\":[{\"@type\":\"SearchAction\",\"target\":{\"@type\":\"EntryPoint\",\"urlTemplate\":\"https:\/\/ecominga.org\/?s={search_term_string}\"},\"query-input\":{\"@type\":\"PropertyValueSpecification\",\"valueRequired\":true,\"valueName\":\"search_term_string\"}}],\"inLanguage\":\"en-US\"},{\"@type\":\"Organization\",\"@id\":\"https:\/\/ecominga.org\/#organization\",\"name\":\"Fundaci\u00f3n EcoMinga\",\"url\":\"https:\/\/ecominga.org\/\",\"logo\":{\"@type\":\"ImageObject\",\"inLanguage\":\"en-US\",\"@id\":\"https:\/\/ecominga.org\/#\/schema\/logo\/image\/\",\"url\":\"https:\/\/ecominga.org\/wp-content\/uploads\/2023\/05\/logo-de-ecominga_SIN-BLANCO.png\",\"contentUrl\":\"https:\/\/ecominga.org\/wp-content\/uploads\/2023\/05\/logo-de-ecominga_SIN-BLANCO.png\",\"width\":322,\"height\":101,\"caption\":\"Fundaci\u00f3n EcoMinga\"},\"image\":{\"@id\":\"https:\/\/ecominga.org\/#\/schema\/logo\/image\/\"},\"sameAs\":[\"https:\/\/www.facebook.com\/ecominga\"]}]}<\/script>\n<!-- \/ Yoast SEO plugin. -->","yoast_head_json":{"title":"Sugerencias -","robots":{"index":"index","follow":"follow","max-snippet":"max-snippet:-1","max-image-preview":"max-image-preview:large","max-video-preview":"max-video-preview:-1"},"canonical":"https:\/\/ecominga.org\/en\/sugerencias\/","og_locale":"en_US","og_type":"article","og_title":"Sugerencias -","og_description":"Quejas \u00a1Gracias por visitar nuestro sitio web! Tu opini\u00f3n es fundamental para mejorar nuestras iniciativas de conservaci\u00f3n y la gesti\u00f3n de \u00e1reas protegidas. En esta secci\u00f3n, te invitamos a compartir tus sugerencias y comentarios, ya que cada idea cuenta para seguir avanzando en nuestra misi\u00f3n de proteger la biodiversidad y preservar los h\u00e1bitats naturales. Completa [&hellip;]","og_url":"https:\/\/ecominga.org\/en\/sugerencias\/","article_publisher":"https:\/\/www.facebook.com\/ecominga","article_modified_time":"2026-02-13T17:36:51+00:00","og_image":[{"width":2000,"height":1500,"url":"https:\/\/ecominga.org\/wp-content\/uploads\/2023\/05\/wildlife-photographer-with-long-lens-on-camera-in-africa-1.jpg","type":"image\/jpeg"}],"twitter_card":"summary_large_image","twitter_misc":{"Est. reading time":"1 minute"},"schema":{"@context":"https:\/\/schema.org","@graph":[{"@type":"WebPage","@id":"https:\/\/ecominga.org\/sugerencias\/","url":"https:\/\/ecominga.org\/sugerencias\/","name":"Sugerencias -","isPartOf":{"@id":"https:\/\/ecominga.org\/#website"},"primaryImageOfPage":{"@id":"https:\/\/ecominga.org\/sugerencias\/#primaryimage"},"image":{"@id":"https:\/\/ecominga.org\/sugerencias\/#primaryimage"},"thumbnailUrl":"https:\/\/ecominga.org\/wp-content\/uploads\/2023\/05\/wildlife-photographer-with-long-lens-on-camera-in-africa-1.jpg","datePublished":"2024-08-01T15:43:59+00:00","dateModified":"2026-02-13T17:36:51+00:00","breadcrumb":{"@id":"https:\/\/ecominga.org\/sugerencias\/#breadcrumb"},"inLanguage":"en-US","potentialAction":[{"@type":"ReadAction","target":["https:\/\/ecominga.org\/sugerencias\/"]}]},{"@type":"ImageObject","inLanguage":"en-US","@id":"https:\/\/ecominga.org\/sugerencias\/#primaryimage","url":"https:\/\/ecominga.org\/wp-content\/uploads\/2023\/05\/wildlife-photographer-with-long-lens-on-camera-in-africa-1.jpg","contentUrl":"https:\/\/ecominga.org\/wp-content\/uploads\/2023\/05\/wildlife-photographer-with-long-lens-on-camera-in-africa-1.jpg","width":2000,"height":1500},{"@type":"BreadcrumbList","@id":"https:\/\/ecominga.org\/sugerencias\/#breadcrumb","itemListElement":[{"@type":"ListItem","position":1,"name":"Portada","item":"https:\/\/ecominga.org\/"},{"@type":"ListItem","position":2,"name":"Sugerencias"}]},{"@type":"WebSite","@id":"https:\/\/ecominga.org\/#website","url":"https:\/\/ecominga.org\/","name":"Ecominga","description":"Fundaci\u00f3n","publisher":{"@id":"https:\/\/ecominga.org\/#organization"},"alternateName":"Fundaci\u00f3n Ecominga","potentialAction":[{"@type":"SearchAction","target":{"@type":"EntryPoint","urlTemplate":"https:\/\/ecominga.org\/?s={search_term_string}"},"query-input":{"@type":"PropertyValueSpecification","valueRequired":true,"valueName":"search_term_string"}}],"inLanguage":"en-US"},{"@type":"Organization","@id":"https:\/\/ecominga.org\/#organization","name":"EcoMinga Foundation","url":"https:\/\/ecominga.org\/","logo":{"@type":"ImageObject","inLanguage":"en-US","@id":"https:\/\/ecominga.org\/#\/schema\/logo\/image\/","url":"https:\/\/ecominga.org\/wp-content\/uploads\/2023\/05\/logo-de-ecominga_SIN-BLANCO.png","contentUrl":"https:\/\/ecominga.org\/wp-content\/uploads\/2023\/05\/logo-de-ecominga_SIN-BLANCO.png","width":322,"height":101,"caption":"Fundaci\u00f3n EcoMinga"},"image":{"@id":"https:\/\/ecominga.org\/#\/schema\/logo\/image\/"},"sameAs":["https:\/\/www.facebook.com\/ecominga"]}]}},"_links":{"self":[{"href":"https:\/\/ecominga.org\/en\/wp-json\/wp\/v2\/pages\/4222"}],"collection":[{"href":"https:\/\/ecominga.org\/en\/wp-json\/wp\/v2\/pages"}],"about":[{"href":"https:\/\/ecominga.org\/en\/wp-json\/wp\/v2\/types\/page"}],"author":[{"embeddable":true,"href":"https:\/\/ecominga.org\/en\/wp-json\/wp\/v2\/users\/1"}],"replies":[{"embeddable":true,"href":"https:\/\/ecominga.org\/en\/wp-json\/wp\/v2\/comments?post=4222"}],"version-history":[{"count":44,"href":"https:\/\/ecominga.org\/en\/wp-json\/wp\/v2\/pages\/4222\/revisions"}],"predecessor-version":[{"id":6628,"href":"https:\/\/ecominga.org\/en\/wp-json\/wp\/v2\/pages\/4222\/revisions\/6628"}],"wp:featuredmedia":[{"embeddable":true,"href":"https:\/\/ecominga.org\/en\/wp-json\/wp\/v2\/media\/88"}],"wp:attachment":[{"href":"https:\/\/ecominga.org\/en\/wp-json\/wp\/v2\/media?parent=4222"}],"curies":[{"name":"wp","href":"https:\/\/api.w.org\/{rel}","templated":true}]}}