{"id":598,"date":"2023-07-24T07:46:49","date_gmt":"2023-07-24T12:46:49","guid":{"rendered":"http:\/\/ecominga.org\/?page_id=598"},"modified":"2024-08-28T11:47:51","modified_gmt":"2024-08-28T16:47:51","slug":"eco-fotos","status":"publish","type":"page","link":"https:\/\/ecominga.org\/en\/eco-fotos\/","title":{"rendered":"ECO-Photos"},"content":{"rendered":"<div data-elementor-type=\"wp-page\" data-elementor-id=\"598\" class=\"elementor elementor-598\" data-elementor-post-type=\"page\">\n\t\t\t\t\t\t<section class=\"elementor-section elementor-top-section elementor-element elementor-element-6dcd911 elementor-section-boxed elementor-section-height-default elementor-section-height-default\" data-id=\"6dcd911\" data-element_type=\"section\" data-settings=\"{&quot;background_background&quot;:&quot;classic&quot;}\">\n\t\t\t\t\t\t<div class=\"elementor-container elementor-column-gap-default\">\n\t\t\t\t\t<div class=\"elementor-column elementor-col-100 elementor-top-column elementor-element elementor-element-e5ecda1\" data-id=\"e5ecda1\" data-element_type=\"column\">\n\t\t\t<div class=\"elementor-widget-wrap elementor-element-populated\">\n\t\t\t\t\t\t<div class=\"elementor-element elementor-element-3adff76 elementor-widget elementor-widget-heading\" data-id=\"3adff76\" data-element_type=\"widget\" data-widget_type=\"heading.default\">\n\t\t\t\t<div class=\"elementor-widget-container\">\n\t\t\t\t\t<h2 class=\"elementor-heading-title elementor-size-default\">ECHO PHOTOS<\/h2>\t\t\t\t<\/div>\n\t\t\t\t<\/div>\n\t\t\t\t\t<\/div>\n\t\t<\/div>\n\t\t\t\t\t<\/div>\n\t\t<\/section>\n\t\t<div class=\"elementor-element elementor-element-04a435a e-flex e-con-boxed e-con e-parent\" data-id=\"04a435a\" data-element_type=\"container\">\n\t\t\t\t\t<div class=\"e-con-inner\">\n\t\t\t\t<div class=\"elementor-element elementor-element-6e8fc87 elementor-widget elementor-widget-heading\" data-id=\"6e8fc87\" data-element_type=\"widget\" data-widget_type=\"heading.default\">\n\t\t\t\t<div class=\"elementor-widget-container\">\n\t\t\t\t\t<h2 class=\"elementor-heading-title elementor-size-default\">Select the images you want and submit your data, you will receive your images<\/h2>\t\t\t\t<\/div>\n\t\t\t\t<\/div>\n\t\t\t\t\t<\/div>\n\t\t\t\t<\/div>\n\t\t<div class=\"elementor-element elementor-element-12bb5c5 e-flex e-con-boxed e-con e-parent\" data-id=\"12bb5c5\" data-element_type=\"container\">\n\t\t\t\t\t<div class=\"e-con-inner\">\n\t\t\t\t<div class=\"elementor-element elementor-element-57a16cc elementor-widget elementor-widget-html\" data-id=\"57a16cc\" data-element_type=\"widget\" data-widget_type=\"html.default\">\n\t\t\t\t<div class=\"elementor-widget-container\">\n\t\t\t\t\t<!DOCTYPE html>\r\n<html lang=\"es\">\r\n<head>\r\n    <meta charset=\"UTF-8\">\r\n    <meta name=\"viewport\" content=\"width=device-width, initial-scale=1.0\">\r\n    <title>Galer\u00eda de Im\u00e1genes<\/title>\r\n    <style>\r\n        \/* A\u00f1adido CSS aqu\u00ed *\/\r\n  \/* Estilos espec\u00edficos para el contenedor del formulario *\/\r\n.form-container {\r\n    font-family: Arial, sans-serif;\r\n    margin: 20px auto;\r\n    padding: 20px;\r\n    background-color: #ffffff; \/* Fondo blanco *\/\r\n    border-radius: 8px;\r\n    width: 100%;\r\n    box-sizing: border-box;\r\n}\r\n\r\n\/* Estilo del formulario *\/\r\nform {\r\n    background-color: #fff; \/* Fondo blanco para el formulario *\/\r\n    padding: 20px;\r\n    border-radius: 8px;\r\n    box-shadow: 0 0 10px rgba(0, 0, 0, 0.1);\r\n    max-width: 100%;\r\n    width: 800px;\r\n    margin: 20px auto; \/* Centrado del formulario *\/\r\n    box-sizing: border-box;\r\n}\r\n\r\n\/* Estilo de los campos de entrada en el formulario *\/\r\nform input[type=\"text\"],\r\nform input[type=\"email\"] {\r\n    display: block;\r\n    margin: 10px 0;\r\n    padding: 10px;\r\n    width: calc(100% - 22px); \/* Ajusta el ancho para incluir padding *\/\r\n    border: 1px solid #ddd;\r\n    border-radius: 4px;\r\n    box-sizing: border-box;\r\n}\r\n\r\n\/* Estilo del placeholder *\/\r\nform input[type=\"text\"]::placeholder,\r\nform input[type=\"email\"]::placeholder {\r\n    color: #888;\r\n}\r\n\r\n\/* Estilo del bot\u00f3n del formulario *\/\r\nform button {\r\n    padding: 10px 20px;\r\n    background-color: #007bff;\r\n    color: #fff;\r\n    border: none;\r\n    border-radius: 4px;\r\n    cursor: pointer;\r\n    font-size: 16px;\r\n    transition: background-color 0.3s;\r\n    display: block; \/* Asegura que el bot\u00f3n ocupa todo el ancho disponible *\/\r\n    width: 100%;\r\n}\r\n\r\n\/* Estilo para el bot\u00f3n al pasar el cursor sobre \u00e9l *\/\r\nform button:hover {\r\n    background-color: #0056b3;\r\n}\r\n\r\n\/* Estilo para el mensaje de estado *\/\r\n#statusMessage {\r\n    padding: 10px;\r\n    border-radius: 5px;\r\n    margin-top: 20px;\r\n    font-size: 16px;\r\n    font-weight: bold;\r\n    text-align: center;\r\n}\r\n\r\n.status-success {\r\n    color: #155724;\r\n    background-color: #d4edda;\r\n    border: 1px solid #c3e6cb;\r\n}\r\n\r\n.status-error {\r\n    color: #721c24;\r\n    background-color: #f8d7da;\r\n    border: 1px solid #f5c6cb;\r\n}\r\n\r\n\/* Estilos para la galer\u00eda *\/\r\n.gallery {\r\n    display: flex;\r\n    flex-wrap: wrap;\r\n    gap: 10px; \/* Espacio entre im\u00e1genes *\/\r\n    max-width: 100%;\r\n    margin: 20px auto; \/* Margen para centrar el contenedor *\/\r\n}\r\n\r\n\/* Estilo de cada imagen en la galer\u00eda *\/\r\n.image-item {\r\n    position: relative;\r\n    box-sizing: border-box;\r\n    cursor: pointer;\r\n    border: 2px solid transparent;\r\n    flex: 1 1 calc(50% - 10px); \/* Dos im\u00e1genes por fila en pantallas m\u00e1s grandes *\/\r\n    display: flex;\r\n    justify-content: center;\r\n    align-items: center;\r\n    transition: border-color 0.3s;\r\n}\r\n\r\n.image-item img {\r\n    width: 100%;\r\n    height: auto;\r\n    max-height: 200px;\r\n    object-fit: cover;\r\n    border-radius: 8px;\r\n}\r\n\r\n\/* Estilo para las im\u00e1genes seleccionadas *\/\r\n.image-item.selected {\r\n    border-color: #007bff;\r\n}\r\n\r\n\/* Estilo del checkbox para selecci\u00f3n de im\u00e1genes *\/\r\n.image-item input[type=\"checkbox\"] {\r\n    position: absolute;\r\n    top: 10px;\r\n    left: 10px;\r\n    background: #fff;\r\n    border: 1px solid #007bff;\r\n    cursor: pointer;\r\n    transform: scale(1.2);\r\n}\r\n\r\n\/* Estilos responsive *\/\r\n@media (max-width: 599px) {\r\n    .image-item {\r\n        flex: 1 1 100%; \/* Una imagen por fila en pantallas peque\u00f1as *\/\r\n    }\r\n}\r\n\r\n@media (min-width: 600px) and (max-width: 899px) {\r\n    .image-item {\r\n        flex: 1 1 calc(50% - 10px); \/* Dos im\u00e1genes por fila en pantallas medianas *\/\r\n    }\r\n}\r\n\r\n@media (min-width: 900px) {\r\n    .image-item {\r\n        flex: 1 1 calc(33.333% - 10px); \/* Tres im\u00e1genes por fila en pantallas grandes *\/\r\n    }\r\n}\r\n\r\n    <\/style>\r\n<\/head>\r\n<body>\r\n    <div class=\"form-container\">\r\n    <div class=\"gallery\">\r\n        <!-- Im\u00e1genes aqu\u00ed (15 im\u00e1genes en total) -->\r\n        <div class=\"image-item\">\r\n            <input type=\"checkbox\" class=\"select-checkbox\" data-image=\"https:\/\/ecominga.org\/wp-content\/uploads\/2024\/07\/Stelis-sp-scaled.jpg\">\r\n            <img decoding=\"async\" src=\"https:\/\/ecominga.org\/wp-content\/uploads\/2024\/07\/Stelis-sp-scaled.jpg\" alt=\"Imagen 1\">\r\n        <\/div>\r\n        <div class=\"image-item\">\r\n            <input type=\"checkbox\" class=\"select-checkbox\" data-image=\"https:\/\/ecominga.org\/wp-content\/uploads\/2024\/08\/Lepanthes_hirsutula_Dracula-scaled.jpg\">\r\n            <img decoding=\"async\" src=\"https:\/\/ecominga.org\/wp-content\/uploads\/2024\/08\/Lepanthes_hirsutula_Dracula-scaled.jpg\" alt=\"Imagen 1\">\r\n        <\/div>\r\n        <div class=\"image-item\">\r\n            <input type=\"checkbox\" class=\"select-checkbox\" data-image=\"https:\/\/ecominga.org\/wp-content\/uploads\/2024\/08\/Mstigii4875v3.jpg\">\r\n            <img decoding=\"async\" src=\"https:\/\/ecominga.org\/wp-content\/uploads\/2024\/08\/Mstigii4875v3.jpg\" alt=\"Imagen 1\">\r\n        <\/div>\r\n        <div class=\"image-item\">\r\n            <input type=\"checkbox\" class=\"select-checkbox\" data-image=\"https:\/\/ecominga.org\/wp-content\/uploads\/2024\/07\/Tapirus-pinchaque.-Santiago-Recalde.jpg\">\r\n            <img decoding=\"async\" src=\"https:\/\/ecominga.org\/wp-content\/uploads\/2024\/07\/Tapirus-pinchaque.-Santiago-Recalde.jpg\" alt=\"Imagen 1\">\r\n        <\/div>\r\n        <div class=\"image-item\">\r\n            <input type=\"checkbox\" class=\"select-checkbox\" data-image=\"https:\/\/ecominga.org\/wp-content\/uploads\/2024\/07\/Lontra-longicauda-S.R.-nUTRIA.png\">\r\n            <img decoding=\"async\" src=\"https:\/\/ecominga.org\/wp-content\/uploads\/2024\/07\/Lontra-longicauda-S.R.-nUTRIA.png\" alt=\"Imagen 1\">\r\n        <\/div>\r\n        <div class=\"image-item\">\r\n            <input type=\"checkbox\" class=\"select-checkbox\" data-image=\"https:\/\/ecominga.org\/wp-content\/uploads\/2024\/07\/Lepidoblepharis-festae-ventral-scaled.jpg\">\r\n            <img decoding=\"async\" src=\"https:\/\/ecominga.org\/wp-content\/uploads\/2024\/07\/Lepidoblepharis-festae-ventral-scaled.jpg\" alt=\"Imagen 1\">\r\n        <\/div>\r\n        <div class=\"image-item\">\r\n            <input type=\"checkbox\" class=\"select-checkbox\" data-image=\"https:\/\/ecominga.org\/wp-content\/uploads\/2024\/07\/sumak-img_0190.v3jpg-2-scaled-e1722286555867.jpg\">\r\n            <img decoding=\"async\" src=\"https:\/\/ecominga.org\/wp-content\/uploads\/2024\/07\/sumak-img_0190.v3jpg-2-scaled-e1722286555867.jpg\" alt=\"Imagen 1\">\r\n        <\/div>\r\n        <div class=\"image-item\">\r\n            <input type=\"checkbox\" class=\"select-checkbox\" data-image=\"https:\/\/ecominga.org\/wp-content\/uploads\/2024\/07\/bothrocophias-campbelli_50433174217_o-scaled.jpg\">\r\n            <img decoding=\"async\" src=\"https:\/\/ecominga.org\/wp-content\/uploads\/2024\/07\/bothrocophias-campbelli_50433174217_o-scaled.jpg\" alt=\"Imagen 1\">\r\n        <\/div>\r\n        <div class=\"image-item\">\r\n            <input type=\"checkbox\" class=\"select-checkbox\" data-image=\"https:\/\/ecominga.org\/wp-content\/uploads\/2024\/07\/Tremarctos-ornatus-VU.png\">\r\n            <img decoding=\"async\" src=\"https:\/\/ecominga.org\/wp-content\/uploads\/2024\/07\/Tremarctos-ornatus-VU.png\" alt=\"Imagen 1\">\r\n        <\/div>\r\n        <div class=\"image-item\">\r\n            <input type=\"checkbox\" class=\"select-checkbox\" data-image=\"https:\/\/ecominga.org\/wp-content\/uploads\/2023\/11\/unnamed-file.jpg\">\r\n            <img decoding=\"async\" src=\"https:\/\/ecominga.org\/wp-content\/uploads\/2023\/11\/unnamed-file.jpg\" alt=\"Imagen 1\">\r\n        <\/div>\r\n        <div class=\"image-item\">\r\n            <input type=\"checkbox\" class=\"select-checkbox\" data-image=\"https:\/\/ecominga.org\/wp-content\/uploads\/2023\/11\/DSC7000_Opaon_varicolor_Manduriacu.jpg\">\r\n            <img decoding=\"async\" src=\"https:\/\/ecominga.org\/wp-content\/uploads\/2023\/11\/DSC7000_Opaon_varicolor_Manduriacu.jpg\" alt=\"Imagen 1\">\r\n        <\/div>\r\n        <div class=\"image-item\">\r\n            <input type=\"checkbox\" class=\"select-checkbox\" data-image=\"https:\/\/ecominga.org\/wp-content\/uploads\/2023\/11\/Andinosaura_vieta_DD_rjm.jpg\">\r\n            <img decoding=\"async\" src=\"https:\/\/ecominga.org\/wp-content\/uploads\/2023\/11\/Andinosaura_vieta_DD_rjm.jpg\" alt=\"Imagen 1\">\r\n        <\/div>\r\n        <div class=\"image-item\">\r\n            <input type=\"checkbox\" class=\"select-checkbox\" data-image=\"https:\/\/ecominga.org\/wp-content\/uploads\/2023\/07\/pristimantis-scolodiscus_50485163892_o-scaled.jpg\">\r\n            <img decoding=\"async\" src=\"https:\/\/ecominga.org\/wp-content\/uploads\/2023\/07\/pristimantis-scolodiscus_50485163892_o-scaled.jpg\" alt=\"Imagen 1\">\r\n        <\/div>\r\n        <div class=\"image-item\">\r\n            <input type=\"checkbox\" class=\"select-checkbox\" data-image=\"https:\/\/ecominga.org\/wp-content\/uploads\/2024\/08\/Pristimantis_pteridophilus_2.jpg\">\r\n            <img decoding=\"async\" src=\"https:\/\/ecominga.org\/wp-content\/uploads\/2024\/08\/Pristimantis_pteridophilus_2.jpg\" alt=\"Imagen 1\">\r\n        <\/div>\r\n        <div class=\"image-item\">\r\n            <input type=\"checkbox\" class=\"select-checkbox\" data-image=\"https:\/\/ecominga.org\/wp-content\/uploads\/2024\/07\/Hyloscirtus-sethmacfarlanei.-hembra.jpg\">\r\n            <img decoding=\"async\" src=\"https:\/\/ecominga.org\/wp-content\/uploads\/2024\/07\/Hyloscirtus-sethmacfarlanei.-hembra.jpg\" alt=\"Imagen 1\">\r\n        <\/div>\r\n        <div class=\"image-item\">\r\n            <input type=\"checkbox\" class=\"select-checkbox\" data-image=\"https:\/\/ecominga.org\/wp-content\/uploads\/2023\/07\/espadarana-prosoblepon_50037809147_o-scaled.jpg\">\r\n            <img decoding=\"async\" src=\"https:\/\/ecominga.org\/wp-content\/uploads\/2023\/07\/espadarana-prosoblepon_50037809147_o-scaled.jpg\" alt=\"Imagen 1\">\r\n        <\/div>\r\n        <div class=\"image-item\">\r\n            <input type=\"checkbox\" class=\"select-checkbox\" data-image=\"https:\/\/ecominga.org\/wp-content\/uploads\/2023\/11\/89.jpg\">\r\n            <img decoding=\"async\" src=\"https:\/\/ecominga.org\/wp-content\/uploads\/2023\/11\/89.jpg\" alt=\"Imagen 1\">\r\n        <\/div>\r\n        <div class=\"image-item\">\r\n            <input type=\"checkbox\" class=\"select-checkbox\" data-image=\"https:\/\/ecominga.org\/wp-content\/uploads\/2024\/07\/Atelopus-palmatus-CR.png\">\r\n            <img decoding=\"async\" src=\"https:\/\/ecominga.org\/wp-content\/uploads\/2024\/07\/Atelopus-palmatus-CR.png\" alt=\"Imagen 1\">\r\n        <\/div>\r\n        <!-- Repetir para m\u00e1s im\u00e1genes -->\r\n  \r\n    <\/div>\r\n\r\n    <form id=\"imageForm\" method=\"post\" action=\"https:\/\/ecominga.org\/uploads\/send-email.php\" data-trp-original-action=\"https:\/\/ecominga.org\/uploads\/send-email.php\">\r\n        <h2>Contact form<\/h2>\r\n        <input type=\"text\" name=\"nombre\" placeholder=\"Name\" required>\r\n        <input type=\"text\" name=\"apellido\" placeholder=\"Last name\" required>\r\n        <input type=\"text\" name=\"numero\" placeholder=\"Phone number\" required>\r\n        <input type=\"email\" name=\"correo\" placeholder=\"E-Mail\" required>\r\n\r\n        <input type=\"hidden\" name=\"imagenesSeleccionadas\" id=\"imagenesSeleccionadas\">\r\n\r\n        <button type=\"submit\">Send<\/button>\r\n    <input type=\"hidden\" name=\"trp-form-language\" value=\"en\"\/><\/form>\r\n\r\n    <p id=\"statusMessage\" style=\"display: none;\"><\/p>\r\n\r\n<\/div>\r\n\r\n    <script>\r\n        document.addEventListener('DOMContentLoaded', function() {\r\n            const imageItems = document.querySelectorAll('.image-item');\r\n            const imagenesSeleccionadas = document.getElementById('imagenesSeleccionadas');\r\n            const statusMessage = document.getElementById('statusMessage');\r\n            const form = document.getElementById('imageForm');\r\n\r\n            imageItems.forEach(item => {\r\n                const checkbox = item.querySelector('.select-checkbox');\r\n\r\n                item.addEventListener('click', function() {\r\n                    checkbox.checked = !checkbox.checked;\r\n                    actualizarCampoImagenes();\r\n                    item.classList.toggle('selected', checkbox.checked);\r\n                });\r\n\r\n                checkbox.addEventListener('change', function() {\r\n                    item.classList.toggle('selected', checkbox.checked);\r\n                    actualizarCampoImagenes();\r\n                });\r\n            });\r\n\r\n            function actualizarCampoImagenes() {\r\n                const imagenes = [];\r\n                document.querySelectorAll('.select-checkbox:checked').forEach(checkbox => {\r\n                    imagenes.push(checkbox.getAttribute('data-image'));\r\n                });\r\n                imagenesSeleccionadas.value = imagenes.join(',');\r\n                console.log('Im\u00e1genes seleccionadas:', imagenes);\r\n            }\r\n\r\n            form.addEventListener('submit', function(event) {\r\n                event.preventDefault();\r\n\r\n                const formData = new FormData(form);\r\n\r\n                fetch('\/uploads\/send-email.php', {\r\n                    method: 'POST',\r\n                    body: formData\r\n                })\r\n                .then(response => response.json())\r\n                .then(data => {\r\n                    if (data.status === 'success') {\r\n                        statusMessage.textContent = data.message;\r\n                        statusMessage.classList.add('status-success');\r\n                    } else {\r\n                        statusMessage.textContent = data.message;\r\n                        statusMessage.classList.add('status-error');\r\n                    }\r\n                    statusMessage.style.display = 'block';\r\n                })\r\n                .catch(error => {\r\n                    statusMessage.textContent = 'Error al enviar el correo.';\r\n                    statusMessage.classList.add('status-error');\r\n                    statusMessage.style.display = 'block';\r\n                });\r\n            });\r\n        });\r\n    <\/script>\r\n<\/body>\r\n<\/html>\r\n\t\t\t\t<\/div>\n\t\t\t\t<\/div>\n\t\t\t\t\t<\/div>\n\t\t\t\t<\/div>\n\t\t\t\t<\/div>","protected":false},"excerpt":{"rendered":"<p>ECO FOTOS Selecciona las im\u00e1genes que deseas y env\u00eda tus datos, recibir\u00e1s tus im\u00e1genes Galer\u00eda de Im\u00e1genes Formulario de Contacto Enviar<\/p>","protected":false},"author":1,"featured_media":0,"parent":0,"menu_order":0,"comment_status":"closed","ping_status":"closed","template":"","meta":{"footnotes":""},"class_list":["post-598","page","type-page","status-publish","hentry"],"yoast_head":"<!-- This site is optimized with the Yoast SEO plugin v23.4 - https:\/\/yoast.com\/wordpress\/plugins\/seo\/ -->\n<title>ECO-Fotos -<\/title>\n<meta name=\"robots\" content=\"index, follow, max-snippet:-1, max-image-preview:large, max-video-preview:-1\" \/>\n<link rel=\"canonical\" href=\"https:\/\/ecominga.org\/en\/eco-fotos\/\" \/>\n<meta property=\"og:locale\" content=\"en_US\" \/>\n<meta property=\"og:type\" content=\"article\" \/>\n<meta property=\"og:title\" content=\"ECO-Fotos -\" \/>\n<meta property=\"og:description\" content=\"ECO FOTOS Selecciona las im\u00e1genes que deseas y env\u00eda tus datos, recibir\u00e1s tus im\u00e1genes Galer\u00eda de Im\u00e1genes Formulario de Contacto Enviar\" \/>\n<meta property=\"og:url\" content=\"https:\/\/ecominga.org\/en\/eco-fotos\/\" \/>\n<meta property=\"article:publisher\" content=\"https:\/\/www.facebook.com\/ecominga\" \/>\n<meta property=\"article:modified_time\" content=\"2024-08-28T16:47:51+00:00\" \/>\n<meta property=\"og:image\" content=\"https:\/\/ecominga.org\/wp-content\/uploads\/2024\/07\/Stelis-sp-scaled.jpg\" \/>\n<meta name=\"twitter:card\" content=\"summary_large_image\" \/>\n<meta name=\"twitter:label1\" content=\"Est. reading time\" \/>\n\t<meta name=\"twitter:data1\" content=\"4 minutes\" \/>\n<script type=\"application\/ld+json\" class=\"yoast-schema-graph\">{\"@context\":\"https:\/\/schema.org\",\"@graph\":[{\"@type\":\"WebPage\",\"@id\":\"https:\/\/ecominga.org\/eco-fotos\/\",\"url\":\"https:\/\/ecominga.org\/eco-fotos\/\",\"name\":\"ECO-Fotos -\",\"isPartOf\":{\"@id\":\"https:\/\/ecominga.org\/#website\"},\"primaryImageOfPage\":{\"@id\":\"https:\/\/ecominga.org\/eco-fotos\/#primaryimage\"},\"image\":{\"@id\":\"https:\/\/ecominga.org\/eco-fotos\/#primaryimage\"},\"thumbnailUrl\":\"https:\/\/ecominga.org\/wp-content\/uploads\/2024\/07\/Stelis-sp-scaled.jpg\",\"datePublished\":\"2023-07-24T12:46:49+00:00\",\"dateModified\":\"2024-08-28T16:47:51+00:00\",\"breadcrumb\":{\"@id\":\"https:\/\/ecominga.org\/eco-fotos\/#breadcrumb\"},\"inLanguage\":\"en-US\",\"potentialAction\":[{\"@type\":\"ReadAction\",\"target\":[\"https:\/\/ecominga.org\/eco-fotos\/\"]}]},{\"@type\":\"ImageObject\",\"inLanguage\":\"en-US\",\"@id\":\"https:\/\/ecominga.org\/eco-fotos\/#primaryimage\",\"url\":\"https:\/\/ecominga.org\/wp-content\/uploads\/2024\/07\/Stelis-sp-scaled.jpg\",\"contentUrl\":\"https:\/\/ecominga.org\/wp-content\/uploads\/2024\/07\/Stelis-sp-scaled.jpg\"},{\"@type\":\"BreadcrumbList\",\"@id\":\"https:\/\/ecominga.org\/eco-fotos\/#breadcrumb\",\"itemListElement\":[{\"@type\":\"ListItem\",\"position\":1,\"name\":\"Portada\",\"item\":\"https:\/\/ecominga.org\/\"},{\"@type\":\"ListItem\",\"position\":2,\"name\":\"ECO-Fotos\"}]},{\"@type\":\"WebSite\",\"@id\":\"https:\/\/ecominga.org\/#website\",\"url\":\"https:\/\/ecominga.org\/\",\"name\":\"Ecominga\",\"description\":\"Fundaci\u00f3n\",\"publisher\":{\"@id\":\"https:\/\/ecominga.org\/#organization\"},\"alternateName\":\"Fundaci\u00f3n Ecominga\",\"potentialAction\":[{\"@type\":\"SearchAction\",\"target\":{\"@type\":\"EntryPoint\",\"urlTemplate\":\"https:\/\/ecominga.org\/?s={search_term_string}\"},\"query-input\":{\"@type\":\"PropertyValueSpecification\",\"valueRequired\":true,\"valueName\":\"search_term_string\"}}],\"inLanguage\":\"en-US\"},{\"@type\":\"Organization\",\"@id\":\"https:\/\/ecominga.org\/#organization\",\"name\":\"Fundaci\u00f3n EcoMinga\",\"url\":\"https:\/\/ecominga.org\/\",\"logo\":{\"@type\":\"ImageObject\",\"inLanguage\":\"en-US\",\"@id\":\"https:\/\/ecominga.org\/#\/schema\/logo\/image\/\",\"url\":\"https:\/\/ecominga.org\/wp-content\/uploads\/2023\/05\/logo-de-ecominga_SIN-BLANCO.png\",\"contentUrl\":\"https:\/\/ecominga.org\/wp-content\/uploads\/2023\/05\/logo-de-ecominga_SIN-BLANCO.png\",\"width\":322,\"height\":101,\"caption\":\"Fundaci\u00f3n EcoMinga\"},\"image\":{\"@id\":\"https:\/\/ecominga.org\/#\/schema\/logo\/image\/\"},\"sameAs\":[\"https:\/\/www.facebook.com\/ecominga\"]}]}<\/script>\n<!-- \/ Yoast SEO plugin. -->","yoast_head_json":{"title":"ECO-Fotos -","robots":{"index":"index","follow":"follow","max-snippet":"max-snippet:-1","max-image-preview":"max-image-preview:large","max-video-preview":"max-video-preview:-1"},"canonical":"https:\/\/ecominga.org\/en\/eco-fotos\/","og_locale":"en_US","og_type":"article","og_title":"ECO-Fotos -","og_description":"ECO FOTOS Selecciona las im\u00e1genes que deseas y env\u00eda tus datos, recibir\u00e1s tus im\u00e1genes Galer\u00eda de Im\u00e1genes Formulario de Contacto Enviar","og_url":"https:\/\/ecominga.org\/en\/eco-fotos\/","article_publisher":"https:\/\/www.facebook.com\/ecominga","article_modified_time":"2024-08-28T16:47:51+00:00","og_image":[{"url":"https:\/\/ecominga.org\/wp-content\/uploads\/2024\/07\/Stelis-sp-scaled.jpg"}],"twitter_card":"summary_large_image","twitter_misc":{"Est. reading time":"4 minutes"},"schema":{"@context":"https:\/\/schema.org","@graph":[{"@type":"WebPage","@id":"https:\/\/ecominga.org\/eco-fotos\/","url":"https:\/\/ecominga.org\/eco-fotos\/","name":"ECO-Fotos -","isPartOf":{"@id":"https:\/\/ecominga.org\/#website"},"primaryImageOfPage":{"@id":"https:\/\/ecominga.org\/eco-fotos\/#primaryimage"},"image":{"@id":"https:\/\/ecominga.org\/eco-fotos\/#primaryimage"},"thumbnailUrl":"https:\/\/ecominga.org\/wp-content\/uploads\/2024\/07\/Stelis-sp-scaled.jpg","datePublished":"2023-07-24T12:46:49+00:00","dateModified":"2024-08-28T16:47:51+00:00","breadcrumb":{"@id":"https:\/\/ecominga.org\/eco-fotos\/#breadcrumb"},"inLanguage":"en-US","potentialAction":[{"@type":"ReadAction","target":["https:\/\/ecominga.org\/eco-fotos\/"]}]},{"@type":"ImageObject","inLanguage":"en-US","@id":"https:\/\/ecominga.org\/eco-fotos\/#primaryimage","url":"https:\/\/ecominga.org\/wp-content\/uploads\/2024\/07\/Stelis-sp-scaled.jpg","contentUrl":"https:\/\/ecominga.org\/wp-content\/uploads\/2024\/07\/Stelis-sp-scaled.jpg"},{"@type":"BreadcrumbList","@id":"https:\/\/ecominga.org\/eco-fotos\/#breadcrumb","itemListElement":[{"@type":"ListItem","position":1,"name":"Portada","item":"https:\/\/ecominga.org\/"},{"@type":"ListItem","position":2,"name":"ECO-Fotos"}]},{"@type":"WebSite","@id":"https:\/\/ecominga.org\/#website","url":"https:\/\/ecominga.org\/","name":"Ecominga","description":"Fundaci\u00f3n","publisher":{"@id":"https:\/\/ecominga.org\/#organization"},"alternateName":"Fundaci\u00f3n Ecominga","potentialAction":[{"@type":"SearchAction","target":{"@type":"EntryPoint","urlTemplate":"https:\/\/ecominga.org\/?s={search_term_string}"},"query-input":{"@type":"PropertyValueSpecification","valueRequired":true,"valueName":"search_term_string"}}],"inLanguage":"en-US"},{"@type":"Organization","@id":"https:\/\/ecominga.org\/#organization","name":"EcoMinga Foundation","url":"https:\/\/ecominga.org\/","logo":{"@type":"ImageObject","inLanguage":"en-US","@id":"https:\/\/ecominga.org\/#\/schema\/logo\/image\/","url":"https:\/\/ecominga.org\/wp-content\/uploads\/2023\/05\/logo-de-ecominga_SIN-BLANCO.png","contentUrl":"https:\/\/ecominga.org\/wp-content\/uploads\/2023\/05\/logo-de-ecominga_SIN-BLANCO.png","width":322,"height":101,"caption":"Fundaci\u00f3n EcoMinga"},"image":{"@id":"https:\/\/ecominga.org\/#\/schema\/logo\/image\/"},"sameAs":["https:\/\/www.facebook.com\/ecominga"]}]}},"_links":{"self":[{"href":"https:\/\/ecominga.org\/en\/wp-json\/wp\/v2\/pages\/598"}],"collection":[{"href":"https:\/\/ecominga.org\/en\/wp-json\/wp\/v2\/pages"}],"about":[{"href":"https:\/\/ecominga.org\/en\/wp-json\/wp\/v2\/types\/page"}],"author":[{"embeddable":true,"href":"https:\/\/ecominga.org\/en\/wp-json\/wp\/v2\/users\/1"}],"replies":[{"embeddable":true,"href":"https:\/\/ecominga.org\/en\/wp-json\/wp\/v2\/comments?post=598"}],"version-history":[{"count":70,"href":"https:\/\/ecominga.org\/en\/wp-json\/wp\/v2\/pages\/598\/revisions"}],"predecessor-version":[{"id":5727,"href":"https:\/\/ecominga.org\/en\/wp-json\/wp\/v2\/pages\/598\/revisions\/5727"}],"wp:attachment":[{"href":"https:\/\/ecominga.org\/en\/wp-json\/wp\/v2\/media?parent=598"}],"curies":[{"name":"wp","href":"https:\/\/api.w.org\/{rel}","templated":true}]}}