{"id":6491,"date":"2024-10-09T10:27:36","date_gmt":"2024-10-09T15:27:36","guid":{"rendered":"https:\/\/ecominga.org\/?page_id=6491"},"modified":"2024-10-09T10:35:25","modified_gmt":"2024-10-09T15:35:25","slug":"pagina-prueba","status":"publish","type":"page","link":"https:\/\/ecominga.org\/en\/pagina-prueba\/","title":{"rendered":"pagina prueba"},"content":{"rendered":"<div data-elementor-type=\"wp-page\" data-elementor-id=\"6491\" class=\"elementor elementor-6491\" data-elementor-post-type=\"page\">\n\t\t\t\t<div class=\"elementor-element elementor-element-2f45994 e-grid e-con-boxed e-con e-parent\" data-id=\"2f45994\" data-element_type=\"container\">\n\t\t\t\t\t<div class=\"e-con-inner\">\n\t\t\t\t<div class=\"elementor-element elementor-element-5031729 elementor-widget elementor-widget-text-editor\" data-id=\"5031729\" data-element_type=\"widget\" data-widget_type=\"text-editor.default\">\n\t\t\t\t<div class=\"elementor-widget-container\">\n\t\t\t\t\t\t\t\t\t<p>Lorem ipsum dolor sit amet, consectetur adipiscing elit. Ut elit tellus, luctus nec ullamcorper mattis, pulvinar dapibus leo.<\/p>\t\t\t\t\t\t\t\t<\/div>\n\t\t\t\t<\/div>\n\t\t\t\t\t<\/div>\n\t\t\t\t<\/div>\n\t\t\t\t<section class=\"elementor-section elementor-top-section elementor-element elementor-element-457c9a7 elementor-section-boxed elementor-section-height-default elementor-section-height-default\" data-id=\"457c9a7\" data-element_type=\"section\">\n\t\t\t\t\t\t<div class=\"elementor-container elementor-column-gap-no\">\n\t\t\t\t\t<div class=\"elementor-column elementor-col-100 elementor-top-column elementor-element elementor-element-2549f40\" data-id=\"2549f40\" data-element_type=\"column\">\n\t\t\t<div class=\"elementor-widget-wrap elementor-element-populated\">\n\t\t\t\t\t\t<div class=\"elementor-element elementor-element-8c3db9d elementor-widget elementor-widget-spacer\" data-id=\"8c3db9d\" data-element_type=\"widget\" data-widget_type=\"spacer.default\">\n\t\t\t\t<div class=\"elementor-widget-container\">\n\t\t\t\t\t\t\t<div class=\"elementor-spacer\">\n\t\t\t<div class=\"elementor-spacer-inner\"><\/div>\n\t\t<\/div>\n\t\t\t\t\t\t<\/div>\n\t\t\t\t<\/div>\n\t\t\t\t<section class=\"elementor-section elementor-inner-section elementor-element elementor-element-61223f9 elementor-section-boxed elementor-section-height-default elementor-section-height-default\" data-id=\"61223f9\" data-element_type=\"section\">\n\t\t\t\t\t\t<div class=\"elementor-container elementor-column-gap-no\">\n\t\t\t\t\t<div class=\"elementor-column elementor-col-20 elementor-inner-column elementor-element elementor-element-28af018\" data-id=\"28af018\" data-element_type=\"column\">\n\t\t\t<div class=\"elementor-widget-wrap elementor-element-populated\">\n\t\t\t\t\t\t<div class=\"elementor-element elementor-element-129358b elementor-widget elementor-widget-image\" data-id=\"129358b\" data-element_type=\"widget\" data-widget_type=\"image.default\">\n\t\t\t\t<div class=\"elementor-widget-container\">\n\t\t\t\t\t\t\t\t\t\t\t\t\t\t\t\t<a href=\"https:\/\/ecominga.org\/en\/nuestras-reservas\/\">\n\t\t\t\t\t\t\t<img decoding=\"async\" width=\"143\" height=\"143\" src=\"https:\/\/ecominga.org\/wp-content\/uploads\/2023\/07\/BOSQUES.png\" class=\"attachment-full size-full wp-image-723\" alt=\"\" srcset=\"https:\/\/ecominga.org\/wp-content\/uploads\/2023\/07\/BOSQUES.png 143w, https:\/\/ecominga.org\/wp-content\/uploads\/2023\/07\/BOSQUES-12x12.png 12w\" sizes=\"(max-width: 143px) 100vw, 143px\" \/>\t\t\t\t\t\t\t\t<\/a>\n\t\t\t\t\t\t\t\t\t\t\t\t\t\t\t<\/div>\n\t\t\t\t<\/div>\n\t\t\t\t<div class=\"elementor-element elementor-element-c35b95f elementor-widget elementor-widget-heading\" data-id=\"c35b95f\" data-element_type=\"widget\" data-widget_type=\"heading.default\">\n\t\t\t\t<div class=\"elementor-widget-container\">\n\t\t\t\t\t<h2 class=\"elementor-heading-title elementor-size-default\"><a href=\"https:\/\/ecominga.org\/en\/nuestras-reservas\/\">Our Reserves<\/a><\/h2>\t\t\t\t<\/div>\n\t\t\t\t<\/div>\n\t\t\t\t\t<\/div>\n\t\t<\/div>\n\t\t\t\t<div class=\"elementor-column elementor-col-20 elementor-inner-column elementor-element elementor-element-921f608\" data-id=\"921f608\" data-element_type=\"column\">\n\t\t\t<div class=\"elementor-widget-wrap elementor-element-populated\">\n\t\t\t\t\t\t<div class=\"elementor-element elementor-element-b0bdd9c elementor-widget elementor-widget-image\" data-id=\"b0bdd9c\" data-element_type=\"widget\" data-widget_type=\"image.default\">\n\t\t\t\t<div class=\"elementor-widget-container\">\n\t\t\t\t\t\t\t\t\t\t\t\t\t\t\t\t<a href=\"https:\/\/ecominga.org\/en\/vainilla\/\">\n\t\t\t\t\t\t\t<img decoding=\"async\" width=\"142\" height=\"142\" src=\"https:\/\/ecominga.org\/wp-content\/uploads\/2023\/07\/VAINILLA.png\" class=\"attachment-full size-full wp-image-739\" alt=\"\" srcset=\"https:\/\/ecominga.org\/wp-content\/uploads\/2023\/07\/VAINILLA.png 142w, https:\/\/ecominga.org\/wp-content\/uploads\/2023\/07\/VAINILLA-12x12.png 12w\" sizes=\"(max-width: 142px) 100vw, 142px\" \/>\t\t\t\t\t\t\t\t<\/a>\n\t\t\t\t\t\t\t\t\t\t\t\t\t\t\t<\/div>\n\t\t\t\t<\/div>\n\t\t\t\t<div class=\"elementor-element elementor-element-15021c6 elementor-widget elementor-widget-heading\" data-id=\"15021c6\" data-element_type=\"widget\" data-widget_type=\"heading.default\">\n\t\t\t\t<div class=\"elementor-widget-container\">\n\t\t\t\t\t<h2 class=\"elementor-heading-title elementor-size-default\"><a href=\"https:\/\/ecominga.org\/en\/vainilla\/\">Our Projects<\/a><\/h2>\t\t\t\t<\/div>\n\t\t\t\t<\/div>\n\t\t\t\t\t<\/div>\n\t\t<\/div>\n\t\t\t\t<div class=\"elementor-column elementor-col-20 elementor-inner-column elementor-element elementor-element-2c52791\" data-id=\"2c52791\" data-element_type=\"column\">\n\t\t\t<div class=\"elementor-widget-wrap elementor-element-populated\">\n\t\t\t\t\t\t<div class=\"elementor-element elementor-element-a82e1b2 elementor-widget elementor-widget-image\" data-id=\"a82e1b2\" data-element_type=\"widget\" data-widget_type=\"image.default\">\n\t\t\t\t<div class=\"elementor-widget-container\">\n\t\t\t\t\t\t\t\t\t\t\t\t\t\t\t\t<a href=\"https:\/\/ecominga.org\/en\/ciencia-y-conservacion\/\">\n\t\t\t\t\t\t\t<img decoding=\"async\" width=\"143\" height=\"144\" src=\"https:\/\/ecominga.org\/wp-content\/uploads\/2023\/07\/CIENCIA-Y-CONSERVACION.png\" class=\"attachment-full size-full wp-image-724\" alt=\"\" srcset=\"https:\/\/ecominga.org\/wp-content\/uploads\/2023\/07\/CIENCIA-Y-CONSERVACION.png 143w, https:\/\/ecominga.org\/wp-content\/uploads\/2023\/07\/CIENCIA-Y-CONSERVACION-12x12.png 12w\" sizes=\"(max-width: 143px) 100vw, 143px\" \/>\t\t\t\t\t\t\t\t<\/a>\n\t\t\t\t\t\t\t\t\t\t\t\t\t\t\t<\/div>\n\t\t\t\t<\/div>\n\t\t\t\t<div class=\"elementor-element elementor-element-cf0ae69 elementor-widget elementor-widget-heading\" data-id=\"cf0ae69\" data-element_type=\"widget\" data-widget_type=\"heading.default\">\n\t\t\t\t<div class=\"elementor-widget-container\">\n\t\t\t\t\t<h2 class=\"elementor-heading-title elementor-size-default\"><a href=\"https:\/\/ecominga.org\/en\/ciencia-y-conservacion\/\">Science and Conservation<\/a><\/h2>\t\t\t\t<\/div>\n\t\t\t\t<\/div>\n\t\t\t\t\t<\/div>\n\t\t<\/div>\n\t\t\t\t<div class=\"elementor-column elementor-col-20 elementor-inner-column elementor-element elementor-element-9540b3e\" data-id=\"9540b3e\" data-element_type=\"column\">\n\t\t\t<div class=\"elementor-widget-wrap elementor-element-populated\">\n\t\t\t\t\t\t<div class=\"elementor-element elementor-element-b55889d elementor-widget elementor-widget-image\" data-id=\"b55889d\" data-element_type=\"widget\" data-widget_type=\"image.default\">\n\t\t\t\t<div class=\"elementor-widget-container\">\n\t\t\t\t\t\t\t\t\t\t\t\t\t\t\t\t<a href=\"https:\/\/ecominga.org\/en\/programa-de-voluntariado\/\">\n\t\t\t\t\t\t\t<img loading=\"lazy\" decoding=\"async\" width=\"142\" height=\"142\" src=\"https:\/\/ecominga.org\/wp-content\/uploads\/2023\/07\/VOLUNTARIADO.png\" class=\"attachment-full size-full wp-image-741\" alt=\"\" srcset=\"https:\/\/ecominga.org\/wp-content\/uploads\/2023\/07\/VOLUNTARIADO.png 142w, https:\/\/ecominga.org\/wp-content\/uploads\/2023\/07\/VOLUNTARIADO-12x12.png 12w\" sizes=\"(max-width: 142px) 100vw, 142px\" \/>\t\t\t\t\t\t\t\t<\/a>\n\t\t\t\t\t\t\t\t\t\t\t\t\t\t\t<\/div>\n\t\t\t\t<\/div>\n\t\t\t\t<div class=\"elementor-element elementor-element-eb63f19 elementor-widget elementor-widget-heading\" data-id=\"eb63f19\" data-element_type=\"widget\" data-widget_type=\"heading.default\">\n\t\t\t\t<div class=\"elementor-widget-container\">\n\t\t\t\t\t<h2 class=\"elementor-heading-title elementor-size-default\"><a href=\"https:\/\/ecominga.org\/en\/programa-de-voluntariado-2\/\">Volunteer<\/a><\/h2>\t\t\t\t<\/div>\n\t\t\t\t<\/div>\n\t\t\t\t\t<\/div>\n\t\t<\/div>\n\t\t\t\t<div class=\"elementor-column elementor-col-20 elementor-inner-column elementor-element elementor-element-143dd89\" data-id=\"143dd89\" data-element_type=\"column\">\n\t\t\t<div class=\"elementor-widget-wrap elementor-element-populated\">\n\t\t\t\t\t\t<div class=\"elementor-element elementor-element-02da53f elementor-widget elementor-widget-image\" data-id=\"02da53f\" data-element_type=\"widget\" data-widget_type=\"image.default\">\n\t\t\t\t<div class=\"elementor-widget-container\">\n\t\t\t\t\t\t\t\t\t\t\t\t\t\t\t\t<a href=\"https:\/\/ecominga.org\/en\/galareria\/\">\n\t\t\t\t\t\t\t<img loading=\"lazy\" decoding=\"async\" width=\"142\" height=\"143\" src=\"https:\/\/ecominga.org\/wp-content\/uploads\/2023\/07\/FAUNA.png\" class=\"attachment-full size-full wp-image-730\" alt=\"\" srcset=\"https:\/\/ecominga.org\/wp-content\/uploads\/2023\/07\/FAUNA.png 142w, https:\/\/ecominga.org\/wp-content\/uploads\/2023\/07\/FAUNA-12x12.png 12w\" sizes=\"(max-width: 142px) 100vw, 142px\" \/>\t\t\t\t\t\t\t\t<\/a>\n\t\t\t\t\t\t\t\t\t\t\t\t\t\t\t<\/div>\n\t\t\t\t<\/div>\n\t\t\t\t<div class=\"elementor-element elementor-element-fd2247d elementor-widget elementor-widget-heading\" data-id=\"fd2247d\" data-element_type=\"widget\" data-widget_type=\"heading.default\">\n\t\t\t\t<div class=\"elementor-widget-container\">\n\t\t\t\t\t<h2 class=\"elementor-heading-title elementor-size-default\"><a href=\"https:\/\/ecominga.org\/en\/galareria\/\">Gallery <\/a><\/h2>\t\t\t\t<\/div>\n\t\t\t\t<\/div>\n\t\t\t\t\t<\/div>\n\t\t<\/div>\n\t\t\t\t\t<\/div>\n\t\t<\/section>\n\t\t\t\t\t<\/div>\n\t\t<\/div>\n\t\t\t\t\t<\/div>\n\t\t<\/section>\n\t\t\t\t<\/div>","protected":false},"excerpt":{"rendered":"<p>Lorem fistrum por la gloria de mi madre esse jarl aliqua llevame al sircoo. De la pradera ullamco qu\u00e9 dise usteer est\u00e1 la cosa muy malar. Nuestras Reservas Nuestros Proyectos Ciencia y Conservaci\u00f3n Voluntariado Galer\u00eda<\/p>","protected":false},"author":1,"featured_media":0,"parent":0,"menu_order":0,"comment_status":"closed","ping_status":"closed","template":"","meta":{"footnotes":""},"class_list":["post-6491","page","type-page","status-publish","hentry"],"yoast_head":"<!-- This site is optimized with the Yoast SEO plugin v23.4 - https:\/\/yoast.com\/wordpress\/plugins\/seo\/ -->\n<title>pagina prueba -<\/title>\n<meta name=\"robots\" content=\"index, follow, max-snippet:-1, max-image-preview:large, max-video-preview:-1\" \/>\n<link rel=\"canonical\" href=\"https:\/\/ecominga.org\/en\/pagina-prueba\/\" \/>\n<meta property=\"og:locale\" content=\"en_US\" \/>\n<meta property=\"og:type\" content=\"article\" \/>\n<meta property=\"og:title\" content=\"pagina prueba -\" \/>\n<meta property=\"og:description\" content=\"Lorem fistrum por la gloria de mi madre esse jarl aliqua llevame al sircoo. De la pradera ullamco qu\u00e9 dise usteer est\u00e1 la cosa muy malar. Nuestras Reservas Nuestros Proyectos Ciencia y Conservaci\u00f3n Voluntariado Galer\u00eda\" \/>\n<meta property=\"og:url\" content=\"https:\/\/ecominga.org\/en\/pagina-prueba\/\" \/>\n<meta property=\"article:publisher\" content=\"https:\/\/www.facebook.com\/ecominga\" \/>\n<meta property=\"article:modified_time\" content=\"2024-10-09T15:35:25+00:00\" \/>\n<meta property=\"og:image\" content=\"https:\/\/ecominga.org\/wp-content\/uploads\/2023\/07\/BOSQUES.png\" \/>\n<meta name=\"twitter:card\" content=\"summary_large_image\" \/>\n<meta name=\"twitter:label1\" content=\"Est. reading time\" \/>\n\t<meta name=\"twitter:data1\" content=\"2 minutes\" \/>\n<script type=\"application\/ld+json\" class=\"yoast-schema-graph\">{\"@context\":\"https:\/\/schema.org\",\"@graph\":[{\"@type\":\"WebPage\",\"@id\":\"https:\/\/ecominga.org\/pagina-prueba\/\",\"url\":\"https:\/\/ecominga.org\/pagina-prueba\/\",\"name\":\"pagina prueba -\",\"isPartOf\":{\"@id\":\"https:\/\/ecominga.org\/#website\"},\"primaryImageOfPage\":{\"@id\":\"https:\/\/ecominga.org\/pagina-prueba\/#primaryimage\"},\"image\":{\"@id\":\"https:\/\/ecominga.org\/pagina-prueba\/#primaryimage\"},\"thumbnailUrl\":\"https:\/\/ecominga.org\/wp-content\/uploads\/2023\/07\/BOSQUES.png\",\"datePublished\":\"2024-10-09T15:27:36+00:00\",\"dateModified\":\"2024-10-09T15:35:25+00:00\",\"breadcrumb\":{\"@id\":\"https:\/\/ecominga.org\/pagina-prueba\/#breadcrumb\"},\"inLanguage\":\"en-US\",\"potentialAction\":[{\"@type\":\"ReadAction\",\"target\":[\"https:\/\/ecominga.org\/pagina-prueba\/\"]}]},{\"@type\":\"ImageObject\",\"inLanguage\":\"en-US\",\"@id\":\"https:\/\/ecominga.org\/pagina-prueba\/#primaryimage\",\"url\":\"https:\/\/ecominga.org\/wp-content\/uploads\/2023\/07\/BOSQUES.png\",\"contentUrl\":\"https:\/\/ecominga.org\/wp-content\/uploads\/2023\/07\/BOSQUES.png\"},{\"@type\":\"BreadcrumbList\",\"@id\":\"https:\/\/ecominga.org\/pagina-prueba\/#breadcrumb\",\"itemListElement\":[{\"@type\":\"ListItem\",\"position\":1,\"name\":\"Portada\",\"item\":\"https:\/\/ecominga.org\/\"},{\"@type\":\"ListItem\",\"position\":2,\"name\":\"pagina prueba\"}]},{\"@type\":\"WebSite\",\"@id\":\"https:\/\/ecominga.org\/#website\",\"url\":\"https:\/\/ecominga.org\/\",\"name\":\"Ecominga\",\"description\":\"Fundaci\u00f3n\",\"publisher\":{\"@id\":\"https:\/\/ecominga.org\/#organization\"},\"alternateName\":\"Fundaci\u00f3n Ecominga\",\"potentialAction\":[{\"@type\":\"SearchAction\",\"target\":{\"@type\":\"EntryPoint\",\"urlTemplate\":\"https:\/\/ecominga.org\/?s={search_term_string}\"},\"query-input\":{\"@type\":\"PropertyValueSpecification\",\"valueRequired\":true,\"valueName\":\"search_term_string\"}}],\"inLanguage\":\"en-US\"},{\"@type\":\"Organization\",\"@id\":\"https:\/\/ecominga.org\/#organization\",\"name\":\"Fundaci\u00f3n EcoMinga\",\"url\":\"https:\/\/ecominga.org\/\",\"logo\":{\"@type\":\"ImageObject\",\"inLanguage\":\"en-US\",\"@id\":\"https:\/\/ecominga.org\/#\/schema\/logo\/image\/\",\"url\":\"https:\/\/ecominga.org\/wp-content\/uploads\/2023\/05\/logo-de-ecominga_SIN-BLANCO.png\",\"contentUrl\":\"https:\/\/ecominga.org\/wp-content\/uploads\/2023\/05\/logo-de-ecominga_SIN-BLANCO.png\",\"width\":322,\"height\":101,\"caption\":\"Fundaci\u00f3n EcoMinga\"},\"image\":{\"@id\":\"https:\/\/ecominga.org\/#\/schema\/logo\/image\/\"},\"sameAs\":[\"https:\/\/www.facebook.com\/ecominga\"]}]}<\/script>\n<!-- \/ Yoast SEO plugin. -->","yoast_head_json":{"title":"pagina prueba -","robots":{"index":"index","follow":"follow","max-snippet":"max-snippet:-1","max-image-preview":"max-image-preview:large","max-video-preview":"max-video-preview:-1"},"canonical":"https:\/\/ecominga.org\/en\/pagina-prueba\/","og_locale":"en_US","og_type":"article","og_title":"pagina prueba -","og_description":"Lorem fistrum por la gloria de mi madre esse jarl aliqua llevame al sircoo. De la pradera ullamco qu\u00e9 dise usteer est\u00e1 la cosa muy malar. Nuestras Reservas Nuestros Proyectos Ciencia y Conservaci\u00f3n Voluntariado Galer\u00eda","og_url":"https:\/\/ecominga.org\/en\/pagina-prueba\/","article_publisher":"https:\/\/www.facebook.com\/ecominga","article_modified_time":"2024-10-09T15:35:25+00:00","og_image":[{"url":"https:\/\/ecominga.org\/wp-content\/uploads\/2023\/07\/BOSQUES.png"}],"twitter_card":"summary_large_image","twitter_misc":{"Est. reading time":"2 minutes"},"schema":{"@context":"https:\/\/schema.org","@graph":[{"@type":"WebPage","@id":"https:\/\/ecominga.org\/pagina-prueba\/","url":"https:\/\/ecominga.org\/pagina-prueba\/","name":"pagina prueba -","isPartOf":{"@id":"https:\/\/ecominga.org\/#website"},"primaryImageOfPage":{"@id":"https:\/\/ecominga.org\/pagina-prueba\/#primaryimage"},"image":{"@id":"https:\/\/ecominga.org\/pagina-prueba\/#primaryimage"},"thumbnailUrl":"https:\/\/ecominga.org\/wp-content\/uploads\/2023\/07\/BOSQUES.png","datePublished":"2024-10-09T15:27:36+00:00","dateModified":"2024-10-09T15:35:25+00:00","breadcrumb":{"@id":"https:\/\/ecominga.org\/pagina-prueba\/#breadcrumb"},"inLanguage":"en-US","potentialAction":[{"@type":"ReadAction","target":["https:\/\/ecominga.org\/pagina-prueba\/"]}]},{"@type":"ImageObject","inLanguage":"en-US","@id":"https:\/\/ecominga.org\/pagina-prueba\/#primaryimage","url":"https:\/\/ecominga.org\/wp-content\/uploads\/2023\/07\/BOSQUES.png","contentUrl":"https:\/\/ecominga.org\/wp-content\/uploads\/2023\/07\/BOSQUES.png"},{"@type":"BreadcrumbList","@id":"https:\/\/ecominga.org\/pagina-prueba\/#breadcrumb","itemListElement":[{"@type":"ListItem","position":1,"name":"Portada","item":"https:\/\/ecominga.org\/"},{"@type":"ListItem","position":2,"name":"pagina prueba"}]},{"@type":"WebSite","@id":"https:\/\/ecominga.org\/#website","url":"https:\/\/ecominga.org\/","name":"Ecominga","description":"Fundaci\u00f3n","publisher":{"@id":"https:\/\/ecominga.org\/#organization"},"alternateName":"Fundaci\u00f3n Ecominga","potentialAction":[{"@type":"SearchAction","target":{"@type":"EntryPoint","urlTemplate":"https:\/\/ecominga.org\/?s={search_term_string}"},"query-input":{"@type":"PropertyValueSpecification","valueRequired":true,"valueName":"search_term_string"}}],"inLanguage":"en-US"},{"@type":"Organization","@id":"https:\/\/ecominga.org\/#organization","name":"EcoMinga Foundation","url":"https:\/\/ecominga.org\/","logo":{"@type":"ImageObject","inLanguage":"en-US","@id":"https:\/\/ecominga.org\/#\/schema\/logo\/image\/","url":"https:\/\/ecominga.org\/wp-content\/uploads\/2023\/05\/logo-de-ecominga_SIN-BLANCO.png","contentUrl":"https:\/\/ecominga.org\/wp-content\/uploads\/2023\/05\/logo-de-ecominga_SIN-BLANCO.png","width":322,"height":101,"caption":"Fundaci\u00f3n EcoMinga"},"image":{"@id":"https:\/\/ecominga.org\/#\/schema\/logo\/image\/"},"sameAs":["https:\/\/www.facebook.com\/ecominga"]}]}},"_links":{"self":[{"href":"https:\/\/ecominga.org\/en\/wp-json\/wp\/v2\/pages\/6491"}],"collection":[{"href":"https:\/\/ecominga.org\/en\/wp-json\/wp\/v2\/pages"}],"about":[{"href":"https:\/\/ecominga.org\/en\/wp-json\/wp\/v2\/types\/page"}],"author":[{"embeddable":true,"href":"https:\/\/ecominga.org\/en\/wp-json\/wp\/v2\/users\/1"}],"replies":[{"embeddable":true,"href":"https:\/\/ecominga.org\/en\/wp-json\/wp\/v2\/comments?post=6491"}],"version-history":[{"count":7,"href":"https:\/\/ecominga.org\/en\/wp-json\/wp\/v2\/pages\/6491\/revisions"}],"predecessor-version":[{"id":6500,"href":"https:\/\/ecominga.org\/en\/wp-json\/wp\/v2\/pages\/6491\/revisions\/6500"}],"wp:attachment":[{"href":"https:\/\/ecominga.org\/en\/wp-json\/wp\/v2\/media?parent=6491"}],"curies":[{"name":"wp","href":"https:\/\/api.w.org\/{rel}","templated":true}]}}