{"id":710,"date":"2023-07-24T14:10:06","date_gmt":"2023-07-24T19:10:06","guid":{"rendered":"http:\/\/ecominga.org\/?page_id=710"},"modified":"2024-08-29T10:07:27","modified_gmt":"2024-08-29T15:07:27","slug":"aula-virtual","status":"publish","type":"page","link":"https:\/\/ecominga.org\/en\/aula-virtual\/","title":{"rendered":"Virtual Classroom"},"content":{"rendered":"<div data-elementor-type=\"wp-page\" data-elementor-id=\"710\" class=\"elementor elementor-710\" data-elementor-post-type=\"page\">\n\t\t\t\t\t\t<section class=\"elementor-section elementor-top-section elementor-element elementor-element-096e658 elementor-section-boxed elementor-section-height-default elementor-section-height-default\" data-id=\"096e658\" data-element_type=\"section\" data-settings=\"{&quot;background_background&quot;:&quot;slideshow&quot;,&quot;background_slideshow_gallery&quot;:[{&quot;id&quot;:1063,&quot;url&quot;:&quot;https:\\\/\\\/ecominga.org\\\/wp-content\\\/uploads\\\/2023\\\/08\\\/aula_virtual.png&quot;}],&quot;background_slideshow_loop&quot;:&quot;yes&quot;,&quot;background_slideshow_slide_duration&quot;:5000,&quot;background_slideshow_slide_transition&quot;:&quot;fade&quot;,&quot;background_slideshow_transition_duration&quot;:500}\">\n\t\t\t\t\t\t<div class=\"elementor-container elementor-column-gap-default\">\n\t\t\t\t\t<div class=\"elementor-column elementor-col-100 elementor-top-column elementor-element elementor-element-e4f3d3e\" data-id=\"e4f3d3e\" data-element_type=\"column\">\n\t\t\t<div class=\"elementor-widget-wrap elementor-element-populated\">\n\t\t\t\t\t\t<div class=\"elementor-element elementor-element-b4e3323 elementor-widget elementor-widget-heading\" data-id=\"b4e3323\" data-element_type=\"widget\" data-widget_type=\"heading.default\">\n\t\t\t\t<div class=\"elementor-widget-container\">\n\t\t\t\t\t<h1 class=\"elementor-heading-title elementor-size-default\">Virtual classroom in Villaflora of Manduriacu<\/h1>\t\t\t\t<\/div>\n\t\t\t\t<\/div>\n\t\t\t\t\t<\/div>\n\t\t<\/div>\n\t\t\t\t\t<\/div>\n\t\t<\/section>\n\t\t\t\t<section class=\"elementor-section elementor-top-section elementor-element elementor-element-67d0682 elementor-section-boxed elementor-section-height-default elementor-section-height-default\" data-id=\"67d0682\" data-element_type=\"section\">\n\t\t\t\t\t\t<div class=\"elementor-container elementor-column-gap-default\">\n\t\t\t\t\t<div class=\"elementor-column elementor-col-50 elementor-top-column elementor-element elementor-element-34eecc9\" data-id=\"34eecc9\" data-element_type=\"column\">\n\t\t\t<div class=\"elementor-widget-wrap elementor-element-populated\">\n\t\t\t\t\t\t<div class=\"elementor-element elementor-element-a2aefe2 elementor-widget elementor-widget-text-editor\" data-id=\"a2aefe2\" data-element_type=\"widget\" data-widget_type=\"text-editor.default\">\n\t\t\t\t<div class=\"elementor-widget-container\">\n\t\t\t\t\t\t\t\t\t<p>The <em>Virtual Classroom <\/em>he was born in August of 2020, as an initiative for children and adolescents of the commune Villaflora of Manduriacu Large, they can continue with their education in a virtual way, interrupted by the pandemic of Covid-19. Thanks to the joint work with the leaders of the community and the Education District of the Area Cotacachi, we enable part of the facilities of the School, November 23, and equip this space with technology to improve the conditions of education of the children and youth of the community.\u00a0<\/p><p class=\"MsoNormal\" style=\"margin-left: 36.0pt; text-align: justify;\"><span lang=\"ES-EC\">\u00a0<\/span><\/p>\t\t\t\t\t\t\t\t<\/div>\n\t\t\t\t<\/div>\n\t\t\t\t<div class=\"elementor-element elementor-element-dc8b57f elementor-widget elementor-widget-image\" data-id=\"dc8b57f\" data-element_type=\"widget\" data-widget_type=\"image.default\">\n\t\t\t\t<div class=\"elementor-widget-container\">\n\t\t\t\t\t\t\t\t\t\t\t\t\t\t\t<img fetchpriority=\"high\" decoding=\"async\" width=\"800\" height=\"451\" src=\"https:\/\/ecominga.org\/wp-content\/uploads\/2023\/08\/Aula_Virtual-1024x577.jpeg\" class=\"attachment-large size-large wp-image-1070\" alt=\"\" srcset=\"https:\/\/ecominga.org\/wp-content\/uploads\/2023\/08\/Aula_Virtual-1024x577.jpeg 1024w, https:\/\/ecominga.org\/wp-content\/uploads\/2023\/08\/Aula_Virtual-300x169.jpeg 300w, https:\/\/ecominga.org\/wp-content\/uploads\/2023\/08\/Aula_Virtual-768x433.jpeg 768w, https:\/\/ecominga.org\/wp-content\/uploads\/2023\/08\/Aula_Virtual-1536x866.jpeg 1536w, https:\/\/ecominga.org\/wp-content\/uploads\/2023\/08\/Aula_Virtual-18x10.jpeg 18w, https:\/\/ecominga.org\/wp-content\/uploads\/2023\/08\/Aula_Virtual.jpeg 1600w\" sizes=\"(max-width: 800px) 100vw, 800px\" \/>\t\t\t\t\t\t\t\t\t\t\t\t\t\t\t<\/div>\n\t\t\t\t<\/div>\n\t\t\t\t\t<\/div>\n\t\t<\/div>\n\t\t\t\t<div class=\"elementor-column elementor-col-50 elementor-top-column elementor-element elementor-element-6c09bed\" data-id=\"6c09bed\" data-element_type=\"column\">\n\t\t\t<div class=\"elementor-widget-wrap elementor-element-populated\">\n\t\t\t\t\t\t<div class=\"elementor-element elementor-element-c76371b elementor-widget elementor-widget-image\" data-id=\"c76371b\" data-element_type=\"widget\" data-widget_type=\"image.default\">\n\t\t\t\t<div class=\"elementor-widget-container\">\n\t\t\t\t\t\t\t\t\t\t\t\t\t\t\t<img decoding=\"async\" width=\"800\" height=\"448\" src=\"https:\/\/ecominga.org\/wp-content\/uploads\/2023\/08\/aula_virtual-1-1024x573.png\" class=\"attachment-large size-large wp-image-1069\" alt=\"\" srcset=\"https:\/\/ecominga.org\/wp-content\/uploads\/2023\/08\/aula_virtual-1-1024x573.png 1024w, https:\/\/ecominga.org\/wp-content\/uploads\/2023\/08\/aula_virtual-1-300x168.png 300w, https:\/\/ecominga.org\/wp-content\/uploads\/2023\/08\/aula_virtual-1-768x430.png 768w, https:\/\/ecominga.org\/wp-content\/uploads\/2023\/08\/aula_virtual-1-18x10.png 18w, https:\/\/ecominga.org\/wp-content\/uploads\/2023\/08\/aula_virtual-1.png 1200w\" sizes=\"(max-width: 800px) 100vw, 800px\" \/>\t\t\t\t\t\t\t\t\t\t\t\t\t\t\t<\/div>\n\t\t\t\t<\/div>\n\t\t\t\t<div class=\"elementor-element elementor-element-592ebfd elementor-widget elementor-widget-text-editor\" data-id=\"592ebfd\" data-element_type=\"widget\" data-widget_type=\"text-editor.default\">\n\t\t\t\t<div class=\"elementor-widget-container\">\n\t\t\t\t\t\t\t\t\t<p><em>Children of the commune Villaflora of Manduriacu receiving English classes \/&nbsp;<\/em><em>Photo: Daniel Chavez<\/em><\/p>\t\t\t\t\t\t\t\t<\/div>\n\t\t\t\t<\/div>\n\t\t\t\t<div class=\"elementor-element elementor-element-a427aea elementor-widget elementor-widget-spacer\" data-id=\"a427aea\" data-element_type=\"widget\" data-widget_type=\"spacer.default\">\n\t\t\t\t<div class=\"elementor-widget-container\">\n\t\t\t\t\t\t\t<div class=\"elementor-spacer\">\n\t\t\t<div class=\"elementor-spacer-inner\"><\/div>\n\t\t<\/div>\n\t\t\t\t\t\t<\/div>\n\t\t\t\t<\/div>\n\t\t\t\t<div class=\"elementor-element elementor-element-1a3c0dd elementor-widget__width-initial elementor-widget elementor-widget-text-editor\" data-id=\"1a3c0dd\" data-element_type=\"widget\" data-widget_type=\"text-editor.default\">\n\t\t\t\t<div class=\"elementor-widget-container\">\n\t\t\t\t\t\t\t\t\t<p>This space is equipped with ten computers, desks, chairs and free internet (non-existent up until that moment, in this population), along with a service of copies and prints, and mainly a community person in charge of the project, which oversees and supports the development of the tasks and ensures the proper use of the technology.<\/p>\t\t\t\t\t\t\t\t<\/div>\n\t\t\t\t<\/div>\n\t\t\t\t<div class=\"elementor-element elementor-element-04cfa37 elementor-widget elementor-widget-text-editor\" data-id=\"04cfa37\" data-element_type=\"widget\" data-widget_type=\"text-editor.default\">\n\t\t\t\t<div class=\"elementor-widget-container\">\n\t\t\t\t\t\t\t\t\t<p>Although it has overcome the pandemic of COVID-19, this project is still running. The classroom is used today as a center of training targeted to the population\u00a0<\/p>\t\t\t\t\t\t\t\t<\/div>\n\t\t\t\t<\/div>\n\t\t\t\t\t<\/div>\n\t\t<\/div>\n\t\t\t\t\t<\/div>\n\t\t<\/section>\n\t\t\t\t<section class=\"elementor-section elementor-top-section elementor-element elementor-element-d4de29b elementor-section-boxed elementor-section-height-default elementor-section-height-default\" data-id=\"d4de29b\" data-element_type=\"section\">\n\t\t\t\t\t\t<div class=\"elementor-container elementor-column-gap-default\">\n\t\t\t\t\t<div class=\"elementor-column elementor-col-100 elementor-top-column elementor-element elementor-element-9b78c73\" data-id=\"9b78c73\" data-element_type=\"column\">\n\t\t\t<div class=\"elementor-widget-wrap elementor-element-populated\">\n\t\t\t\t\t\t<div class=\"elementor-element elementor-element-31b762f elementor-widget elementor-widget-text-editor\" data-id=\"31b762f\" data-element_type=\"widget\" data-widget_type=\"text-editor.default\">\n\t\t\t\t<div class=\"elementor-widget-container\">\n\t\t\t\t\t\t\t\t\t<p>adult and children, with the objective of conserving biodiversity and understanding the issues related to hunting, deforestation, expansion of the agricultural frontier agriculture, mining, identification of amphibians and reptiles along with the prevention of accidents of\u00eddicos. In addition, this space allows you to strengthen the community development trainings such as: development of kokedamas and tissue with fibers of banana, the use of fibers of bamboo, as well as courses in gastronomy and hospitality desk.<\/p>\t\t\t\t\t\t\t\t<\/div>\n\t\t\t\t<\/div>\n\t\t\t\t\t<\/div>\n\t\t<\/div>\n\t\t\t\t\t<\/div>\n\t\t<\/section>\n\t\t\t\t<section class=\"elementor-section elementor-top-section elementor-element elementor-element-10ac641 elementor-section-boxed elementor-section-height-default elementor-section-height-default\" data-id=\"10ac641\" data-element_type=\"section\">\n\t\t\t\t\t\t<div class=\"elementor-container elementor-column-gap-default\">\n\t\t\t\t\t<div class=\"elementor-column elementor-col-100 elementor-top-column elementor-element elementor-element-4e91e77\" data-id=\"4e91e77\" data-element_type=\"column\">\n\t\t\t<div class=\"elementor-widget-wrap elementor-element-populated\">\n\t\t\t\t\t\t<div class=\"elementor-element elementor-element-8c5340c elementor-widget-divider--view-line elementor-widget elementor-widget-divider\" data-id=\"8c5340c\" data-element_type=\"widget\" data-widget_type=\"divider.default\">\n\t\t\t\t<div class=\"elementor-widget-container\">\n\t\t\t\t\t\t\t<div class=\"elementor-divider\">\n\t\t\t<span class=\"elementor-divider-separator\">\n\t\t\t\t\t\t<\/span>\n\t\t<\/div>\n\t\t\t\t\t\t<\/div>\n\t\t\t\t<\/div>\n\t\t\t\t\t<\/div>\n\t\t<\/div>\n\t\t\t\t\t<\/div>\n\t\t<\/section>\n\t\t<div class=\"elementor-element elementor-element-423b572 e-flex e-con-boxed e-con e-parent\" data-id=\"423b572\" data-element_type=\"container\">\n\t\t\t\t\t<div class=\"e-con-inner\">\n\t\t\t\t<div class=\"elementor-element elementor-element-277835c elementor-widget elementor-widget-heading\" data-id=\"277835c\" data-element_type=\"widget\" data-widget_type=\"heading.default\">\n\t\t\t\t<div class=\"elementor-widget-container\">\n\t\t\t\t\t<h3 class=\"elementor-heading-title elementor-size-default\">In addition, this place is for community meetings, along with the development of educational events and tourist attractions, such as the Global Big Day, event, held in October in honor of the birds. The Virtual Classroom is a space in the heart of the community!<\/h3>\t\t\t\t<\/div>\n\t\t\t\t<\/div>\n\t\t\t\t\t<\/div>\n\t\t\t\t<\/div>\n\t\t\t\t<\/div>","protected":false},"excerpt":{"rendered":"<p>Aula virtual en Villaflora de Manduriacu El Aula Virtual naci\u00f3 en agosto del 2020, como una iniciativa para que los ni\u00f1os y adolescentes de la comuna Villaflora de Manduriacu Grande, puedan continuar con su educaci\u00f3n escolar de manera virtual, interrumpida por la pandemia de Covid-19. Gracias al trabajo conjunto con los l\u00edderes de la comunidad [&hellip;]<\/p>","protected":false},"author":1,"featured_media":0,"parent":0,"menu_order":0,"comment_status":"closed","ping_status":"closed","template":"","meta":{"footnotes":""},"class_list":["post-710","page","type-page","status-publish","hentry"],"yoast_head":"<!-- This site is optimized with the Yoast SEO plugin v23.4 - https:\/\/yoast.com\/wordpress\/plugins\/seo\/ -->\n<title>Aula Virtual -<\/title>\n<meta name=\"robots\" content=\"index, follow, max-snippet:-1, max-image-preview:large, max-video-preview:-1\" \/>\n<link rel=\"canonical\" href=\"https:\/\/ecominga.org\/en\/aula-virtual\/\" \/>\n<meta property=\"og:locale\" content=\"en_US\" \/>\n<meta property=\"og:type\" content=\"article\" \/>\n<meta property=\"og:title\" content=\"Aula Virtual -\" \/>\n<meta property=\"og:description\" content=\"Aula virtual en Villaflora de Manduriacu El Aula Virtual naci\u00f3 en agosto del 2020, como una iniciativa para que los ni\u00f1os y adolescentes de la comuna Villaflora de Manduriacu Grande, puedan continuar con su educaci\u00f3n escolar de manera virtual, interrumpida por la pandemia de Covid-19. Gracias al trabajo conjunto con los l\u00edderes de la comunidad [&hellip;]\" \/>\n<meta property=\"og:url\" content=\"https:\/\/ecominga.org\/en\/aula-virtual\/\" \/>\n<meta property=\"article:publisher\" content=\"https:\/\/www.facebook.com\/ecominga\" \/>\n<meta property=\"article:modified_time\" content=\"2024-08-29T15:07:27+00:00\" \/>\n<meta property=\"og:image\" content=\"https:\/\/ecominga.org\/wp-content\/uploads\/2023\/08\/Aula_Virtual-1024x577.jpeg\" \/>\n<meta name=\"twitter:card\" content=\"summary_large_image\" \/>\n<meta name=\"twitter:label1\" content=\"Est. reading time\" \/>\n\t<meta name=\"twitter:data1\" content=\"2 minutes\" \/>\n<script type=\"application\/ld+json\" class=\"yoast-schema-graph\">{\"@context\":\"https:\/\/schema.org\",\"@graph\":[{\"@type\":\"WebPage\",\"@id\":\"https:\/\/ecominga.org\/aula-virtual\/\",\"url\":\"https:\/\/ecominga.org\/aula-virtual\/\",\"name\":\"Aula Virtual -\",\"isPartOf\":{\"@id\":\"https:\/\/ecominga.org\/#website\"},\"primaryImageOfPage\":{\"@id\":\"https:\/\/ecominga.org\/aula-virtual\/#primaryimage\"},\"image\":{\"@id\":\"https:\/\/ecominga.org\/aula-virtual\/#primaryimage\"},\"thumbnailUrl\":\"https:\/\/ecominga.org\/wp-content\/uploads\/2023\/08\/Aula_Virtual-1024x577.jpeg\",\"datePublished\":\"2023-07-24T19:10:06+00:00\",\"dateModified\":\"2024-08-29T15:07:27+00:00\",\"breadcrumb\":{\"@id\":\"https:\/\/ecominga.org\/aula-virtual\/#breadcrumb\"},\"inLanguage\":\"en-US\",\"potentialAction\":[{\"@type\":\"ReadAction\",\"target\":[\"https:\/\/ecominga.org\/aula-virtual\/\"]}]},{\"@type\":\"ImageObject\",\"inLanguage\":\"en-US\",\"@id\":\"https:\/\/ecominga.org\/aula-virtual\/#primaryimage\",\"url\":\"https:\/\/ecominga.org\/wp-content\/uploads\/2023\/08\/Aula_Virtual-1024x577.jpeg\",\"contentUrl\":\"https:\/\/ecominga.org\/wp-content\/uploads\/2023\/08\/Aula_Virtual-1024x577.jpeg\"},{\"@type\":\"BreadcrumbList\",\"@id\":\"https:\/\/ecominga.org\/aula-virtual\/#breadcrumb\",\"itemListElement\":[{\"@type\":\"ListItem\",\"position\":1,\"name\":\"Portada\",\"item\":\"https:\/\/ecominga.org\/\"},{\"@type\":\"ListItem\",\"position\":2,\"name\":\"Aula Virtual\"}]},{\"@type\":\"WebSite\",\"@id\":\"https:\/\/ecominga.org\/#website\",\"url\":\"https:\/\/ecominga.org\/\",\"name\":\"Ecominga\",\"description\":\"Fundaci\u00f3n\",\"publisher\":{\"@id\":\"https:\/\/ecominga.org\/#organization\"},\"alternateName\":\"Fundaci\u00f3n Ecominga\",\"potentialAction\":[{\"@type\":\"SearchAction\",\"target\":{\"@type\":\"EntryPoint\",\"urlTemplate\":\"https:\/\/ecominga.org\/?s={search_term_string}\"},\"query-input\":{\"@type\":\"PropertyValueSpecification\",\"valueRequired\":true,\"valueName\":\"search_term_string\"}}],\"inLanguage\":\"en-US\"},{\"@type\":\"Organization\",\"@id\":\"https:\/\/ecominga.org\/#organization\",\"name\":\"Fundaci\u00f3n EcoMinga\",\"url\":\"https:\/\/ecominga.org\/\",\"logo\":{\"@type\":\"ImageObject\",\"inLanguage\":\"en-US\",\"@id\":\"https:\/\/ecominga.org\/#\/schema\/logo\/image\/\",\"url\":\"https:\/\/ecominga.org\/wp-content\/uploads\/2023\/05\/logo-de-ecominga_SIN-BLANCO.png\",\"contentUrl\":\"https:\/\/ecominga.org\/wp-content\/uploads\/2023\/05\/logo-de-ecominga_SIN-BLANCO.png\",\"width\":322,\"height\":101,\"caption\":\"Fundaci\u00f3n EcoMinga\"},\"image\":{\"@id\":\"https:\/\/ecominga.org\/#\/schema\/logo\/image\/\"},\"sameAs\":[\"https:\/\/www.facebook.com\/ecominga\"]}]}<\/script>\n<!-- \/ Yoast SEO plugin. -->","yoast_head_json":{"title":"Aula Virtual -","robots":{"index":"index","follow":"follow","max-snippet":"max-snippet:-1","max-image-preview":"max-image-preview:large","max-video-preview":"max-video-preview:-1"},"canonical":"https:\/\/ecominga.org\/en\/aula-virtual\/","og_locale":"en_US","og_type":"article","og_title":"Aula Virtual -","og_description":"Aula virtual en Villaflora de Manduriacu El Aula Virtual naci\u00f3 en agosto del 2020, como una iniciativa para que los ni\u00f1os y adolescentes de la comuna Villaflora de Manduriacu Grande, puedan continuar con su educaci\u00f3n escolar de manera virtual, interrumpida por la pandemia de Covid-19. Gracias al trabajo conjunto con los l\u00edderes de la comunidad [&hellip;]","og_url":"https:\/\/ecominga.org\/en\/aula-virtual\/","article_publisher":"https:\/\/www.facebook.com\/ecominga","article_modified_time":"2024-08-29T15:07:27+00:00","og_image":[{"url":"https:\/\/ecominga.org\/wp-content\/uploads\/2023\/08\/Aula_Virtual-1024x577.jpeg"}],"twitter_card":"summary_large_image","twitter_misc":{"Est. reading time":"2 minutes"},"schema":{"@context":"https:\/\/schema.org","@graph":[{"@type":"WebPage","@id":"https:\/\/ecominga.org\/aula-virtual\/","url":"https:\/\/ecominga.org\/aula-virtual\/","name":"Aula Virtual -","isPartOf":{"@id":"https:\/\/ecominga.org\/#website"},"primaryImageOfPage":{"@id":"https:\/\/ecominga.org\/aula-virtual\/#primaryimage"},"image":{"@id":"https:\/\/ecominga.org\/aula-virtual\/#primaryimage"},"thumbnailUrl":"https:\/\/ecominga.org\/wp-content\/uploads\/2023\/08\/Aula_Virtual-1024x577.jpeg","datePublished":"2023-07-24T19:10:06+00:00","dateModified":"2024-08-29T15:07:27+00:00","breadcrumb":{"@id":"https:\/\/ecominga.org\/aula-virtual\/#breadcrumb"},"inLanguage":"en-US","potentialAction":[{"@type":"ReadAction","target":["https:\/\/ecominga.org\/aula-virtual\/"]}]},{"@type":"ImageObject","inLanguage":"en-US","@id":"https:\/\/ecominga.org\/aula-virtual\/#primaryimage","url":"https:\/\/ecominga.org\/wp-content\/uploads\/2023\/08\/Aula_Virtual-1024x577.jpeg","contentUrl":"https:\/\/ecominga.org\/wp-content\/uploads\/2023\/08\/Aula_Virtual-1024x577.jpeg"},{"@type":"BreadcrumbList","@id":"https:\/\/ecominga.org\/aula-virtual\/#breadcrumb","itemListElement":[{"@type":"ListItem","position":1,"name":"Portada","item":"https:\/\/ecominga.org\/"},{"@type":"ListItem","position":2,"name":"Aula Virtual"}]},{"@type":"WebSite","@id":"https:\/\/ecominga.org\/#website","url":"https:\/\/ecominga.org\/","name":"Ecominga","description":"Fundaci\u00f3n","publisher":{"@id":"https:\/\/ecominga.org\/#organization"},"alternateName":"Fundaci\u00f3n Ecominga","potentialAction":[{"@type":"SearchAction","target":{"@type":"EntryPoint","urlTemplate":"https:\/\/ecominga.org\/?s={search_term_string}"},"query-input":{"@type":"PropertyValueSpecification","valueRequired":true,"valueName":"search_term_string"}}],"inLanguage":"en-US"},{"@type":"Organization","@id":"https:\/\/ecominga.org\/#organization","name":"EcoMinga Foundation","url":"https:\/\/ecominga.org\/","logo":{"@type":"ImageObject","inLanguage":"en-US","@id":"https:\/\/ecominga.org\/#\/schema\/logo\/image\/","url":"https:\/\/ecominga.org\/wp-content\/uploads\/2023\/05\/logo-de-ecominga_SIN-BLANCO.png","contentUrl":"https:\/\/ecominga.org\/wp-content\/uploads\/2023\/05\/logo-de-ecominga_SIN-BLANCO.png","width":322,"height":101,"caption":"Fundaci\u00f3n EcoMinga"},"image":{"@id":"https:\/\/ecominga.org\/#\/schema\/logo\/image\/"},"sameAs":["https:\/\/www.facebook.com\/ecominga"]}]}},"_links":{"self":[{"href":"https:\/\/ecominga.org\/en\/wp-json\/wp\/v2\/pages\/710"}],"collection":[{"href":"https:\/\/ecominga.org\/en\/wp-json\/wp\/v2\/pages"}],"about":[{"href":"https:\/\/ecominga.org\/en\/wp-json\/wp\/v2\/types\/page"}],"author":[{"embeddable":true,"href":"https:\/\/ecominga.org\/en\/wp-json\/wp\/v2\/users\/1"}],"replies":[{"embeddable":true,"href":"https:\/\/ecominga.org\/en\/wp-json\/wp\/v2\/comments?post=710"}],"version-history":[{"count":61,"href":"https:\/\/ecominga.org\/en\/wp-json\/wp\/v2\/pages\/710\/revisions"}],"predecessor-version":[{"id":5810,"href":"https:\/\/ecominga.org\/en\/wp-json\/wp\/v2\/pages\/710\/revisions\/5810"}],"wp:attachment":[{"href":"https:\/\/ecominga.org\/en\/wp-json\/wp\/v2\/media?parent=710"}],"curies":[{"name":"wp","href":"https:\/\/api.w.org\/{rel}","templated":true}]}}